{"id":3367,"date":"2024-02-11T17:31:43","date_gmt":"2024-02-11T16:31:43","guid":{"rendered":"https:\/\/gloria-events.com\/artikel\/silla-louis\/"},"modified":"2024-02-11T17:31:43","modified_gmt":"2024-02-11T16:31:43","slug":"silla-louis","status":"publish","type":"product","link":"https:\/\/gloria-events.com\/es\/katalog\/sillas\/silla-louis\/","title":{"rendered":"Silla \u00abLouis\u00bb"},"content":{"rendered":"","protected":false},"excerpt":{"rendered":"<p>Silla cl\u00e1sica, reinterpretada con mimbre vien\u00e9s. Ideal para fiestas de estilo boho, muy c\u00f3moda gracias al coj\u00edn acolchado del asiento.<\/p>\n","protected":false},"featured_media":4564,"template":"","meta":{"_acf_changed":false},"product_brand":[],"product_cat":[202],"product_tag":[286,210,222,232],"class_list":{"0":"post-3367","1":"product","2":"type-product","3":"status-publish","4":"has-post-thumbnail","6":"product_cat-sillas","7":"product_tag-boho-es","8":"product_tag-madera","9":"product_tag-marron","10":"product_tag-vintage-es","12":"first","13":"instock","14":"featured","15":"shipping-taxable","16":"purchasable","17":"product-type-simple"},"acf":[],"_links":{"self":[{"href":"https:\/\/gloria-events.com\/es\/wp-json\/wp\/v2\/product\/3367","targetHints":{"allow":["GET"]}}],"collection":[{"href":"https:\/\/gloria-events.com\/es\/wp-json\/wp\/v2\/product"}],"about":[{"href":"https:\/\/gloria-events.com\/es\/wp-json\/wp\/v2\/types\/product"}],"version-history":[{"count":0,"href":"https:\/\/gloria-events.com\/es\/wp-json\/wp\/v2\/product\/3367\/revisions"}],"wp:featuredmedia":[{"embeddable":true,"href":"https:\/\/gloria-events.com\/es\/wp-json\/wp\/v2\/media\/4564"}],"wp:attachment":[{"href":"https:\/\/gloria-events.com\/es\/wp-json\/wp\/v2\/media?parent=3367"}],"wp:term":[{"taxonomy":"product_brand","embeddable":true,"href":"https:\/\/gloria-events.com\/es\/wp-json\/wp\/v2\/product_brand?post=3367"},{"taxonomy":"product_cat","embeddable":true,"href":"https:\/\/gloria-events.com\/es\/wp-json\/wp\/v2\/product_cat?post=3367"},{"taxonomy":"product_tag","embeddable":true,"href":"https:\/\/gloria-events.com\/es\/wp-json\/wp\/v2\/product_tag?post=3367"}],"curies":[{"name":"wp","href":"https:\/\/api.w.org\/{rel}","templated":true}]}}