{"id":3066,"date":"2023-03-09T18:07:53","date_gmt":"2023-03-09T17:07:53","guid":{"rendered":"https:\/\/gloria-events.com\/artikel\/muebles-de-pales\/"},"modified":"2023-03-09T18:07:53","modified_gmt":"2023-03-09T17:07:53","slug":"muebles-de-pales","status":"publish","type":"product","link":"https:\/\/gloria-events.com\/es\/katalog\/lounge-es\/muebles-de-pales\/","title":{"rendered":"Muebles de pal\u00e9s"},"content":{"rendered":"","protected":false},"excerpt":{"rendered":"<p>Sal\u00f3n compuesto por dos sof\u00e1s y una mesa.<\/p>\n","protected":false},"featured_media":1532,"template":"","meta":{"_acf_changed":false},"product_brand":[],"product_cat":[186],"product_tag":[234,210],"class_list":{"0":"post-3066","1":"product","2":"type-product","3":"status-publish","4":"has-post-thumbnail","6":"product_cat-lounge-es","7":"product_tag-blanco","8":"product_tag-madera","10":"first","11":"instock","12":"featured","13":"shipping-taxable","14":"purchasable","15":"product-type-simple"},"acf":[],"_links":{"self":[{"href":"https:\/\/gloria-events.com\/es\/wp-json\/wp\/v2\/product\/3066","targetHints":{"allow":["GET"]}}],"collection":[{"href":"https:\/\/gloria-events.com\/es\/wp-json\/wp\/v2\/product"}],"about":[{"href":"https:\/\/gloria-events.com\/es\/wp-json\/wp\/v2\/types\/product"}],"version-history":[{"count":0,"href":"https:\/\/gloria-events.com\/es\/wp-json\/wp\/v2\/product\/3066\/revisions"}],"wp:featuredmedia":[{"embeddable":true,"href":"https:\/\/gloria-events.com\/es\/wp-json\/wp\/v2\/media\/1532"}],"wp:attachment":[{"href":"https:\/\/gloria-events.com\/es\/wp-json\/wp\/v2\/media?parent=3066"}],"wp:term":[{"taxonomy":"product_brand","embeddable":true,"href":"https:\/\/gloria-events.com\/es\/wp-json\/wp\/v2\/product_brand?post=3066"},{"taxonomy":"product_cat","embeddable":true,"href":"https:\/\/gloria-events.com\/es\/wp-json\/wp\/v2\/product_cat?post=3066"},{"taxonomy":"product_tag","embeddable":true,"href":"https:\/\/gloria-events.com\/es\/wp-json\/wp\/v2\/product_tag?post=3066"}],"curies":[{"name":"wp","href":"https:\/\/api.w.org\/{rel}","templated":true}]}}