{"id":2963,"date":"2023-03-10T12:23:40","date_gmt":"2023-03-10T11:23:40","guid":{"rendered":"https:\/\/gloria-events.com\/artikel\/tazas-de-cafe-y-cafe-expreso-estandar\/"},"modified":"2023-03-10T12:23:40","modified_gmt":"2023-03-10T11:23:40","slug":"tazas-de-cafe-y-cafe-expreso-estandar","status":"publish","type":"product","link":"https:\/\/gloria-events.com\/es\/katalog\/vajilla\/tazas-de-cafe-y-cafe-expreso-estandar\/","title":{"rendered":"Tazas de caf\u00e9 y caf\u00e9 expreso \u00abEst\u00e1ndar\u00bb"},"content":{"rendered":"","protected":false},"excerpt":{"rendered":"<p>A juego con nuestras series de porcelana \u00abRey\u00bb, \u00abLux\u00bb y \u00abMarfil\u00bb, nuestra gama de tazas de caf\u00e9 y espresso embellecer\u00e1 su festiva mesa de caf\u00e9.<\/p>\n","protected":false},"featured_media":1708,"template":"","meta":{"_acf_changed":false},"product_brand":[],"product_cat":[180],"product_tag":[],"class_list":{"0":"post-2963","1":"product","2":"type-product","3":"status-publish","4":"has-post-thumbnail","6":"product_cat-vajilla","8":"first","9":"instock","10":"shipping-taxable","11":"purchasable","12":"product-type-simple"},"acf":[],"_links":{"self":[{"href":"https:\/\/gloria-events.com\/es\/wp-json\/wp\/v2\/product\/2963","targetHints":{"allow":["GET"]}}],"collection":[{"href":"https:\/\/gloria-events.com\/es\/wp-json\/wp\/v2\/product"}],"about":[{"href":"https:\/\/gloria-events.com\/es\/wp-json\/wp\/v2\/types\/product"}],"version-history":[{"count":0,"href":"https:\/\/gloria-events.com\/es\/wp-json\/wp\/v2\/product\/2963\/revisions"}],"wp:featuredmedia":[{"embeddable":true,"href":"https:\/\/gloria-events.com\/es\/wp-json\/wp\/v2\/media\/1708"}],"wp:attachment":[{"href":"https:\/\/gloria-events.com\/es\/wp-json\/wp\/v2\/media?parent=2963"}],"wp:term":[{"taxonomy":"product_brand","embeddable":true,"href":"https:\/\/gloria-events.com\/es\/wp-json\/wp\/v2\/product_brand?post=2963"},{"taxonomy":"product_cat","embeddable":true,"href":"https:\/\/gloria-events.com\/es\/wp-json\/wp\/v2\/product_cat?post=2963"},{"taxonomy":"product_tag","embeddable":true,"href":"https:\/\/gloria-events.com\/es\/wp-json\/wp\/v2\/product_tag?post=2963"}],"curies":[{"name":"wp","href":"https:\/\/api.w.org\/{rel}","templated":true}]}}