{"id":2937,"date":"2023-03-09T18:46:41","date_gmt":"2023-03-09T17:46:41","guid":{"rendered":"https:\/\/gloria-events.com\/artikel\/mantel-de-saten\/"},"modified":"2023-03-09T18:46:41","modified_gmt":"2023-03-09T17:46:41","slug":"mantel-de-saten","status":"publish","type":"product","link":"https:\/\/gloria-events.com\/es\/katalog\/manteleria\/mantel-de-saten\/","title":{"rendered":"Mantel de sat\u00e9n"},"content":{"rendered":"","protected":false},"excerpt":{"rendered":"<p>Mantel noble de sat\u00e9n blanco, disponible para mesas rectangulares y redondas de varios tama\u00f1os.<\/p>\n","protected":false},"featured_media":1584,"template":"","meta":{"_acf_changed":false},"product_brand":[],"product_cat":[204,239],"product_tag":[],"class_list":{"0":"post-2937","1":"product","2":"type-product","3":"status-publish","4":"has-post-thumbnail","6":"product_cat-manteleria","7":"product_cat-mesas","9":"first","10":"instock","11":"shipping-taxable","12":"purchasable","13":"product-type-variable"},"acf":[],"_links":{"self":[{"href":"https:\/\/gloria-events.com\/es\/wp-json\/wp\/v2\/product\/2937","targetHints":{"allow":["GET"]}}],"collection":[{"href":"https:\/\/gloria-events.com\/es\/wp-json\/wp\/v2\/product"}],"about":[{"href":"https:\/\/gloria-events.com\/es\/wp-json\/wp\/v2\/types\/product"}],"version-history":[{"count":0,"href":"https:\/\/gloria-events.com\/es\/wp-json\/wp\/v2\/product\/2937\/revisions"}],"wp:featuredmedia":[{"embeddable":true,"href":"https:\/\/gloria-events.com\/es\/wp-json\/wp\/v2\/media\/1584"}],"wp:attachment":[{"href":"https:\/\/gloria-events.com\/es\/wp-json\/wp\/v2\/media?parent=2937"}],"wp:term":[{"taxonomy":"product_brand","embeddable":true,"href":"https:\/\/gloria-events.com\/es\/wp-json\/wp\/v2\/product_brand?post=2937"},{"taxonomy":"product_cat","embeddable":true,"href":"https:\/\/gloria-events.com\/es\/wp-json\/wp\/v2\/product_cat?post=2937"},{"taxonomy":"product_tag","embeddable":true,"href":"https:\/\/gloria-events.com\/es\/wp-json\/wp\/v2\/product_tag?post=2937"}],"curies":[{"name":"wp","href":"https:\/\/api.w.org\/{rel}","templated":true}]}}