{"id":2928,"date":"2023-02-22T16:04:53","date_gmt":"2023-02-22T15:04:53","guid":{"rendered":"https:\/\/gloria-events.com\/artikel\/mesa-de-centro-marroqui\/"},"modified":"2023-02-22T16:04:53","modified_gmt":"2023-02-22T15:04:53","slug":"mesa-de-centro-marroqui","status":"publish","type":"product","link":"https:\/\/gloria-events.com\/es\/katalog\/mesas\/mesa-de-centro-marroqui\/","title":{"rendered":"Mesa de centro marroqu\u00ed"},"content":{"rendered":"","protected":false},"excerpt":{"rendered":"<p>Mesa auxiliar oriental con tablero extra\u00edble. Uso vers\u00e1til, por ejemplo, para fiestas tem\u00e1ticas, veladas de shisha, etc.<\/p>\n","protected":false},"featured_media":4513,"template":"","meta":{"_acf_changed":false},"product_brand":[],"product_cat":[239],"product_tag":[210,228],"class_list":{"0":"post-2928","1":"product","2":"type-product","3":"status-publish","4":"has-post-thumbnail","6":"product_cat-mesas","7":"product_tag-madera","8":"product_tag-oriental-es","10":"first","11":"instock","12":"shipping-taxable","13":"purchasable","14":"product-type-simple"},"acf":[],"_links":{"self":[{"href":"https:\/\/gloria-events.com\/es\/wp-json\/wp\/v2\/product\/2928","targetHints":{"allow":["GET"]}}],"collection":[{"href":"https:\/\/gloria-events.com\/es\/wp-json\/wp\/v2\/product"}],"about":[{"href":"https:\/\/gloria-events.com\/es\/wp-json\/wp\/v2\/types\/product"}],"version-history":[{"count":0,"href":"https:\/\/gloria-events.com\/es\/wp-json\/wp\/v2\/product\/2928\/revisions"}],"wp:featuredmedia":[{"embeddable":true,"href":"https:\/\/gloria-events.com\/es\/wp-json\/wp\/v2\/media\/4513"}],"wp:attachment":[{"href":"https:\/\/gloria-events.com\/es\/wp-json\/wp\/v2\/media?parent=2928"}],"wp:term":[{"taxonomy":"product_brand","embeddable":true,"href":"https:\/\/gloria-events.com\/es\/wp-json\/wp\/v2\/product_brand?post=2928"},{"taxonomy":"product_cat","embeddable":true,"href":"https:\/\/gloria-events.com\/es\/wp-json\/wp\/v2\/product_cat?post=2928"},{"taxonomy":"product_tag","embeddable":true,"href":"https:\/\/gloria-events.com\/es\/wp-json\/wp\/v2\/product_tag?post=2928"}],"curies":[{"name":"wp","href":"https:\/\/api.w.org\/{rel}","templated":true}]}}