{"id":2878,"date":"2023-03-14T19:08:47","date_gmt":"2023-03-14T18:08:47","guid":{"rendered":"https:\/\/gloria-events.com\/artikel\/carpa-3-x-3m-3-x-45m\/"},"modified":"2023-03-14T19:08:47","modified_gmt":"2023-03-14T18:08:47","slug":"carpa-3-x-3m-3-x-45m","status":"publish","type":"product","link":"https:\/\/gloria-events.com\/es\/katalog\/carpas\/carpa-3-x-3m-3-x-45m\/","title":{"rendered":"Carpa 3 x 3m | 3 x 4,5m"},"content":{"rendered":"","protected":false},"excerpt":{"rendered":"<p>M\u00f3dulo combinable con otros m\u00f3dulos, iluminaci\u00f3n indirecta, techo interior en varios colores, cortinas que cubren la estructura, cenefas en varios colores, laterales con o sin ventanas.<br \/>\nSuelo opcionalmente de madera o con moqueta.<\/p>\n","protected":false},"featured_media":4768,"template":"","meta":{"_acf_changed":false},"product_brand":[],"product_cat":[262,192],"product_tag":[],"class_list":{"0":"post-2878","1":"product","2":"type-product","3":"status-publish","4":"has-post-thumbnail","6":"product_cat-carpas","7":"product_cat-sombrillas","9":"first","10":"instock","11":"shipping-taxable","12":"purchasable","13":"product-type-variable"},"acf":[],"_links":{"self":[{"href":"https:\/\/gloria-events.com\/es\/wp-json\/wp\/v2\/product\/2878","targetHints":{"allow":["GET"]}}],"collection":[{"href":"https:\/\/gloria-events.com\/es\/wp-json\/wp\/v2\/product"}],"about":[{"href":"https:\/\/gloria-events.com\/es\/wp-json\/wp\/v2\/types\/product"}],"version-history":[{"count":0,"href":"https:\/\/gloria-events.com\/es\/wp-json\/wp\/v2\/product\/2878\/revisions"}],"wp:featuredmedia":[{"embeddable":true,"href":"https:\/\/gloria-events.com\/es\/wp-json\/wp\/v2\/media\/4768"}],"wp:attachment":[{"href":"https:\/\/gloria-events.com\/es\/wp-json\/wp\/v2\/media?parent=2878"}],"wp:term":[{"taxonomy":"product_brand","embeddable":true,"href":"https:\/\/gloria-events.com\/es\/wp-json\/wp\/v2\/product_brand?post=2878"},{"taxonomy":"product_cat","embeddable":true,"href":"https:\/\/gloria-events.com\/es\/wp-json\/wp\/v2\/product_cat?post=2878"},{"taxonomy":"product_tag","embeddable":true,"href":"https:\/\/gloria-events.com\/es\/wp-json\/wp\/v2\/product_tag?post=2878"}],"curies":[{"name":"wp","href":"https:\/\/api.w.org\/{rel}","templated":true}]}}