{"id":2856,"date":"2023-03-14T19:09:09","date_gmt":"2023-03-14T18:09:09","guid":{"rendered":"https:\/\/gloria-events.com\/artikel\/sombrilla\/"},"modified":"2023-03-14T19:09:09","modified_gmt":"2023-03-14T18:09:09","slug":"sombrilla","status":"publish","type":"product","link":"https:\/\/gloria-events.com\/es\/katalog\/carpas\/sombrilla\/","title":{"rendered":"Sombrilla"},"content":{"rendered":"","protected":false},"excerpt":{"rendered":"<p>M\u00f3dulo combinable con otros m\u00f3dulos, Iluminaci\u00f3n indirecta, Techo interior en diferentes colores, Cortinas que cubren la estructura, Cenefas en diferentes colores, Laterales con o sin ventanas.<br \/>\nSuelo opcionalmente en madera o con moqueta<\/p>\n","protected":false},"featured_media":4798,"template":"","meta":{"_acf_changed":false},"product_brand":[],"product_cat":[262,192],"product_tag":[],"class_list":{"0":"post-2856","1":"product","2":"type-product","3":"status-publish","4":"has-post-thumbnail","6":"product_cat-carpas","7":"product_cat-sombrillas","9":"first","10":"instock","11":"shipping-taxable","12":"purchasable","13":"product-type-simple"},"acf":[],"_links":{"self":[{"href":"https:\/\/gloria-events.com\/es\/wp-json\/wp\/v2\/product\/2856","targetHints":{"allow":["GET"]}}],"collection":[{"href":"https:\/\/gloria-events.com\/es\/wp-json\/wp\/v2\/product"}],"about":[{"href":"https:\/\/gloria-events.com\/es\/wp-json\/wp\/v2\/types\/product"}],"version-history":[{"count":0,"href":"https:\/\/gloria-events.com\/es\/wp-json\/wp\/v2\/product\/2856\/revisions"}],"wp:featuredmedia":[{"embeddable":true,"href":"https:\/\/gloria-events.com\/es\/wp-json\/wp\/v2\/media\/4798"}],"wp:attachment":[{"href":"https:\/\/gloria-events.com\/es\/wp-json\/wp\/v2\/media?parent=2856"}],"wp:term":[{"taxonomy":"product_brand","embeddable":true,"href":"https:\/\/gloria-events.com\/es\/wp-json\/wp\/v2\/product_brand?post=2856"},{"taxonomy":"product_cat","embeddable":true,"href":"https:\/\/gloria-events.com\/es\/wp-json\/wp\/v2\/product_cat?post=2856"},{"taxonomy":"product_tag","embeddable":true,"href":"https:\/\/gloria-events.com\/es\/wp-json\/wp\/v2\/product_tag?post=2856"}],"curies":[{"name":"wp","href":"https:\/\/api.w.org\/{rel}","templated":true}]}}