{"id":2673,"date":"2023-03-09T15:29:04","date_gmt":"2023-03-09T14:29:04","guid":{"rendered":"https:\/\/gloria-events.com\/artikel\/silla-cruz\/"},"modified":"2023-05-15T10:41:53","modified_gmt":"2023-05-15T08:41:53","slug":"silla-cruz-marron","status":"publish","type":"product","link":"https:\/\/gloria-events.com\/es\/katalog\/sillas\/silla-cruz-marron\/","title":{"rendered":"Silla \u00abCruz\u00bb | marr\u00f3n"},"content":{"rendered":"","protected":false},"excerpt":{"rendered":"<p>Silla cl\u00e1sica muy c\u00f3moda para todas las ocasiones, se adapta a cualquier ambiente.<\/p>\n","protected":false},"featured_media":4555,"template":"","meta":{"_acf_changed":false},"product_brand":[],"product_cat":[202],"product_tag":[234,210,222,208],"class_list":{"0":"post-2673","1":"product","2":"type-product","3":"status-publish","4":"has-post-thumbnail","6":"product_cat-sillas","7":"product_tag-blanco","8":"product_tag-madera","9":"product_tag-marron","10":"product_tag-roble","12":"first","13":"instock","14":"shipping-taxable","15":"purchasable","16":"product-type-simple"},"acf":[],"_links":{"self":[{"href":"https:\/\/gloria-events.com\/es\/wp-json\/wp\/v2\/product\/2673","targetHints":{"allow":["GET"]}}],"collection":[{"href":"https:\/\/gloria-events.com\/es\/wp-json\/wp\/v2\/product"}],"about":[{"href":"https:\/\/gloria-events.com\/es\/wp-json\/wp\/v2\/types\/product"}],"version-history":[{"count":0,"href":"https:\/\/gloria-events.com\/es\/wp-json\/wp\/v2\/product\/2673\/revisions"}],"wp:featuredmedia":[{"embeddable":true,"href":"https:\/\/gloria-events.com\/es\/wp-json\/wp\/v2\/media\/4555"}],"wp:attachment":[{"href":"https:\/\/gloria-events.com\/es\/wp-json\/wp\/v2\/media?parent=2673"}],"wp:term":[{"taxonomy":"product_brand","embeddable":true,"href":"https:\/\/gloria-events.com\/es\/wp-json\/wp\/v2\/product_brand?post=2673"},{"taxonomy":"product_cat","embeddable":true,"href":"https:\/\/gloria-events.com\/es\/wp-json\/wp\/v2\/product_cat?post=2673"},{"taxonomy":"product_tag","embeddable":true,"href":"https:\/\/gloria-events.com\/es\/wp-json\/wp\/v2\/product_tag?post=2673"}],"curies":[{"name":"wp","href":"https:\/\/api.w.org\/{rel}","templated":true}]}}