{"id":2475,"date":"2023-02-21T15:28:41","date_gmt":"2023-02-21T14:28:41","guid":{"rendered":"https:\/\/gloria-events.com\/artikel\/mesa-rustic\/"},"modified":"2023-04-11T15:06:19","modified_gmt":"2023-04-11T13:06:19","slug":"mesa-rustic","status":"publish","type":"product","link":"https:\/\/gloria-events.com\/es\/katalog\/mesas\/mesa-rustic\/","title":{"rendered":"Mesa \u00abRustic\u00bb"},"content":{"rendered":"","protected":false},"excerpt":{"rendered":"<p>Mesa r\u00fastica rectangular de madera, estupenda tambi\u00e9n sin mantel. Especialmente bonita para una boda en una finca r\u00fastica con vajilla y cristaler\u00eda de estilo vintage.<\/p>\n","protected":false},"featured_media":4368,"template":"","meta":{"_acf_changed":false},"product_brand":[],"product_cat":[239],"product_tag":[210,230,232],"class_list":{"0":"post-2475","1":"product","2":"type-product","3":"status-publish","4":"has-post-thumbnail","6":"product_cat-mesas","7":"product_tag-madera","8":"product_tag-rustico","9":"product_tag-vintage-es","11":"first","12":"instock","13":"shipping-taxable","14":"purchasable","15":"product-type-simple"},"acf":[],"_links":{"self":[{"href":"https:\/\/gloria-events.com\/es\/wp-json\/wp\/v2\/product\/2475","targetHints":{"allow":["GET"]}}],"collection":[{"href":"https:\/\/gloria-events.com\/es\/wp-json\/wp\/v2\/product"}],"about":[{"href":"https:\/\/gloria-events.com\/es\/wp-json\/wp\/v2\/types\/product"}],"version-history":[{"count":0,"href":"https:\/\/gloria-events.com\/es\/wp-json\/wp\/v2\/product\/2475\/revisions"}],"wp:featuredmedia":[{"embeddable":true,"href":"https:\/\/gloria-events.com\/es\/wp-json\/wp\/v2\/media\/4368"}],"wp:attachment":[{"href":"https:\/\/gloria-events.com\/es\/wp-json\/wp\/v2\/media?parent=2475"}],"wp:term":[{"taxonomy":"product_brand","embeddable":true,"href":"https:\/\/gloria-events.com\/es\/wp-json\/wp\/v2\/product_brand?post=2475"},{"taxonomy":"product_cat","embeddable":true,"href":"https:\/\/gloria-events.com\/es\/wp-json\/wp\/v2\/product_cat?post=2475"},{"taxonomy":"product_tag","embeddable":true,"href":"https:\/\/gloria-events.com\/es\/wp-json\/wp\/v2\/product_tag?post=2475"}],"curies":[{"name":"wp","href":"https:\/\/api.w.org\/{rel}","templated":true}]}}