{"id":2595,"date":"2023-04-16T18:55:51","date_gmt":"2023-04-16T16:55:51","guid":{"rendered":"https:\/\/gloria-events.com\/solicitar-presupuesto\/"},"modified":"2026-03-26T00:20:35","modified_gmt":"2026-03-25T23:20:35","slug":"solicitar-presupuesto","status":"publish","type":"page","link":"https:\/\/gloria-events.com\/es\/solicitar-presupuesto\/","title":{"rendered":"Solicitar presupuesto"},"content":{"rendered":"\t\t<div data-elementor-type=\"wp-page\" data-elementor-id=\"2595\" class=\"elementor elementor-2595 elementor-2580\" data-elementor-post-type=\"page\">\n\t\t\t\t\t\t<section class=\"elementor-section elementor-top-section elementor-element elementor-element-866f00f elementor-section-boxed elementor-section-height-default elementor-section-height-default\" data-id=\"866f00f\" data-element_type=\"section\" data-e-type=\"section\">\n\t\t\t\t\t\t<div class=\"elementor-container elementor-column-gap-default\">\n\t\t\t\t\t<div class=\"elementor-column elementor-col-100 elementor-top-column elementor-element elementor-element-3c66cce\" data-id=\"3c66cce\" data-element_type=\"column\" data-e-type=\"column\">\n\t\t\t<div class=\"elementor-widget-wrap elementor-element-populated\">\n\t\t\t\t\t\t<div class=\"elementor-element elementor-element-0f75370 elementor-widget elementor-widget-shortcode\" data-id=\"0f75370\" data-element_type=\"widget\" data-e-type=\"widget\" data-widget_type=\"shortcode.default\">\n\t\t\t\t<div class=\"elementor-widget-container\">\n\t\t\t\t\t\t\t<div class=\"elementor-shortcode\"><div class=\"woocommerce adf-request-quote-page template_one\">\n\t<div class=\"woocommerce-notices-wrapper\"><\/div>\n\t<style type=\"text\/css\">\n\t\t.adf-request-quote-page.template_one{\n\t\t\twidth: 100%!important;\n\t\t\tmax-width: 1000px!important;\n\t\t}\n\t\t.adf-request-quote-page.template_two{\n\t\t\twidth: 100%!important;\n\t\t\tmax-width:1160px!important\n\t\t}\n\t<\/style>\n\n\t<div class=\"addify\">\n\t\t<p class=\"cart-empty\">Su cotizaci\u00f3n est\u00e1 actualmente vac\u00eda.<\/p>\n\t\t\t\t<p class=\"return-to-shop\"><a href=\"https:\/\/gloria-events.com\/es\/catalogo\/\" class=\"button wc-backward\">Volver al cat\u00e1logo<\/a>\n\t\t<\/p>\n\t<\/div>\n\t\n\t<\/div>\n<\/div>\n\t\t\t\t\t\t<\/div>\n\t\t\t\t<\/div>\n\t\t\t\t\t<\/div>\n\t\t<\/div>\n\t\t\t\t\t<\/div>\n\t\t<\/section>\n\t\t\t\t<\/div>\n\t\t","protected":false},"excerpt":{"rendered":"","protected":false},"author":1,"featured_media":0,"parent":0,"menu_order":0,"comment_status":"closed","ping_status":"closed","template":"","meta":{"_acf_changed":false,"footnotes":""},"class_list":["post-2595","page","type-page","status-publish","hentry"],"acf":[],"_links":{"self":[{"href":"https:\/\/gloria-events.com\/es\/wp-json\/wp\/v2\/pages\/2595","targetHints":{"allow":["GET"]}}],"collection":[{"href":"https:\/\/gloria-events.com\/es\/wp-json\/wp\/v2\/pages"}],"about":[{"href":"https:\/\/gloria-events.com\/es\/wp-json\/wp\/v2\/types\/page"}],"author":[{"embeddable":true,"href":"https:\/\/gloria-events.com\/es\/wp-json\/wp\/v2\/users\/1"}],"replies":[{"embeddable":true,"href":"https:\/\/gloria-events.com\/es\/wp-json\/wp\/v2\/comments?post=2595"}],"version-history":[{"count":0,"href":"https:\/\/gloria-events.com\/es\/wp-json\/wp\/v2\/pages\/2595\/revisions"}],"wp:attachment":[{"href":"https:\/\/gloria-events.com\/es\/wp-json\/wp\/v2\/media?parent=2595"}],"curies":[{"name":"wp","href":"https:\/\/api.w.org\/{rel}","templated":true}]}}