{"id":2422,"date":"2023-02-05T18:05:37","date_gmt":"2023-02-05T17:05:37","guid":{"rendered":"https:\/\/gloria-events.com\/aviso-legal\/"},"modified":"2023-04-07T17:19:32","modified_gmt":"2023-04-07T15:19:32","slug":"aviso-legal","status":"publish","type":"page","link":"https:\/\/gloria-events.com\/es\/aviso-legal\/","title":{"rendered":"Aviso legal"},"content":{"rendered":"\t\t<div data-elementor-type=\"wp-page\" data-elementor-id=\"2422\" class=\"elementor elementor-2422 elementor-105\" data-elementor-post-type=\"page\">\n\t\t\t\t\t\t<section class=\"elementor-section elementor-top-section elementor-element elementor-element-885b75e elementor-section-boxed elementor-section-height-default elementor-section-height-default\" data-id=\"885b75e\" data-element_type=\"section\" data-e-type=\"section\">\n\t\t\t\t\t\t<div class=\"elementor-container elementor-column-gap-default\">\n\t\t\t\t\t<div class=\"elementor-column elementor-col-100 elementor-top-column elementor-element elementor-element-fe1c260\" data-id=\"fe1c260\" data-element_type=\"column\" data-e-type=\"column\">\n\t\t\t<div class=\"elementor-widget-wrap elementor-element-populated\">\n\t\t\t\t\t\t<div class=\"elementor-element elementor-element-2e9f5e8 elementor-widget elementor-widget-text-editor\" data-id=\"2e9f5e8\" data-element_type=\"widget\" data-e-type=\"widget\" data-widget_type=\"text-editor.default\">\n\t\t\t\t<div class=\"elementor-widget-container\">\n\t\t\t\t\t\t\t\t\t<p><strong>Datos de la persona responsable<\/strong><\/p>\n<p>Identidad de la persona responsable: Conny Schmidt<\/p>\n<p>Nombre comercial: Gloria Events Consell SLU<br \/>\nNIF\/CIF: B57945719<br \/>\nDirecci\u00f3n: Calle Antonio Barcelo 4, 07330 &#8211; Consell<br \/>\nCorreo electr\u00f3nico: <span \n                data-original-string='8l\/o5taMUYDDniCJkRRwHg==fd93m+w5Vlw9Wuc5He5kBXGWZ8Bk5Z0z2CPpYAL5O1VPc4='\n                class='apbct-email-encoder'\n                title='Este contacto ha sido codificado por Anti-Spam by CleanTalk. Haz clic para decodificar. Para finalizar la decodificaci\u00f3n, aseg\u00farate de que JavaScript est\u00e1 activado en tu navegador.'>in<span class=\"apbct-blur\">**<\/span>@<span class=\"apbct-blur\">***********<\/span>ts.com<\/span><\/p>\n<p>En este apartado, el usuario encontrar\u00e1 toda la informaci\u00f3n relativa a las condiciones legales que rigen la relaci\u00f3n entre los usuarios y mi persona como responsable de este sitio web. Como usuario, es importante que conozcas estas condiciones antes de continuar navegando.<\/p>\n<p>Gloria Events Consell SLU (Conny Schmidt), como responsable de esta web, se compromete a tratar los datos de sus usuarios y clientes con total garant\u00eda y cumplimiento de la normativa nacional y europea sobre recogida y uso de datos personales de sus usuarios.<\/p>\n<p>As\u00ed, este sitio web cumple estrictamente con la Ley Org\u00e1nica 15\/1999, de 13 de diciembre, de Protecci\u00f3n de Datos de Car\u00e1cter Personal (LOPD) y con el Real Decreto 1720\/2007, de 21 de diciembre, conocido como el Reglamento de desarrollo de la LOPD. Asimismo, cumple con el Reglamento (UE) 2016\/679 del Parlamento Europeo y del Consejo, de 27 de abril de 2016, relativo a la protecci\u00f3n de las personas f\u00edsicas (RGPD) y con la Ley 34\/2002, de 11 de julio, de servicios de la sociedad de la informaci\u00f3n y de comercio electr\u00f3nico (LSSICE o LSSI).<\/p>\n<p><strong>Condiciones generales de uso<\/strong><\/p>\n<p>Las presentes Condiciones Generales regulan el uso (incluyendo el mero acceso) de las p\u00e1ginas de web integrantes del sitio web de Gloria Events Consell SLU incluidos los contenidos y servicios puestos a disposici\u00f3n en ellas. Toda persona que acceda a la web https:\/\/www.gloria-events.com (\u00abUsuario\u00bb) acepta someterse a las Condiciones Generales vigentes en cada momento en la web https:\/\/www.gloria-events.com.<\/p>\n<p>Datos personales que recibimos y c\u00f3mo los tratamos.<\/p>\n<p>Lea la Pol\u00edtica de Privacidad.<\/p>\n<p><strong>Obligaciones del usuario<\/strong><\/p>\n<p>El Usuario queda informado, y acepta, que el acceso a la presente web no supone, en modo alguno, el inicio de una relaci\u00f3n comercial con Gloria Events Consell SLU. En este sentido, el Usuario se compromete a utilizar el Sitio Web, sus servicios y contenidos sin contravenir la legislaci\u00f3n vigente, la buena fe y el orden p\u00fablico. Asimismo, queda prohibido, el uso del Sitio Web con fines il\u00edcitos o lesivos, o que, de cualquier forma, puedan causar perjuicio o impedir el normal funcionamiento del Sitio Web.<\/p>\n<p><strong>Respecto de los contenidos de este sitio web, se proh\u00edbe:<\/strong><\/p>\n<p>Su reproducci\u00f3n, distribuci\u00f3n o modificaci\u00f3n, total o parcial, a menos que se cuente con mi autorizaci\u00f3n como leg\u00edtimo titular.<br \/>\nCualquier vulneraci\u00f3n de los derechos del prestador o de m\u00ed como leg\u00edtimo titular;<\/p>\n<p>Su utilizaci\u00f3n con fines comerciales o publicitarios.<\/p>\n<p>El Usuario se compromete a no llevar a cabo en la utilizaci\u00f3n del sitio web https:\/\/www.gloria-events.com ninguna conducta que pudiera da\u00f1ar la imagen, los intereses y los derechos de Gloria Events Consell SLU o de terceros o que pudiera da\u00f1ar, inutilizar o sobrecargar el portal https:\/\/www.gloria-events.com o que impidiera, de cualquier forma, la normal utilizaci\u00f3n del sitio web.<\/p>\n<p>No obstante, el usuario debe ser consciente de que las medidas de seguridad de los sistemas inform\u00e1ticos en Internet no son enteramente fiables y que, por tanto https:\/\/www.gloria-events.com no puede garantizar la inexistencia de malware u otros elementos que puedan producir alteraciones en los sistemas inform\u00e1ticos (software y hardware) del usuario o en sus documentos electr\u00f3nicos y ficheros contenidos en los mismos, aunque pongo todos los medios y medidas de seguridad necesarias para evitar la presencia de estos elementos da\u00f1inos.<\/p>\n<p><strong>Medidas de seguridad<\/strong><\/p>\n<p>Los datos personales comunicados por el usuario a Gloria Events Consell SLU pueden ser almacenados en bases de datos automatizadas o no, cuya titularidad corresponde en exclusiva a Conny Schmidt, asumiendo \u00e9sta todas las medidas de \u00edndole t\u00e9cnica, organizativa y de seguridad que garantizan la confidencialidad, integridad y calidad de la informaci\u00f3n contenida en las mismas de acuerdo con lo establecido en la normativa vigente en protecci\u00f3n de datos. La comunicaci\u00f3n entre los usuarios y https:\/\/www.gloria-events.com se realiza a trav\u00e9s de un canal seguro, y los datos transmitidos son cifrados gracias a protocolos https, por tanto, garantizo las mejores condiciones de seguridad para que la confidencialidad de los usuarios est\u00e9 garantizada.<\/p>\n<p><strong>Plataforma de resoluci\u00f3n de litigios<\/strong><\/p>\n<p>Tambi\u00e9n pongo a disposici\u00f3n de los usuarios la plataforma de resoluci\u00f3n de litigios facilitada por la Comisi\u00f3n Europea, que puede encontrarse en el siguiente enlace: http:\/\/ec.europa.eu\/consumers\/odr\/<\/p>\n<p><strong>Derechos de propiedad intelectual e industrial<\/strong><\/p>\n<p>En virtud de lo dispuesto en los art\u00edculos 8 y 32.1, p\u00e1rrafo segundo, del C\u00f3digo de la Propiedad Intelectual, quedan expresamente prohibidas la reproducci\u00f3n, la distribuci\u00f3n y la comunicaci\u00f3n p\u00fablica, incluida su modalidad de puesta a disposici\u00f3n, de la totalidad o parte de los contenidos de esta p\u00e1gina web, con fines comerciales, en cualquier soporte y por cualquier medio t\u00e9cnico, sin la autorizaci\u00f3n de Gloria Events Consell SLU. El Usuario se compromete a respetar los derechos de Propiedad Intelectual e Industrial titularidad de Gloria Events Consell SLU.<\/p>\n<p>El Usuario conoce y acepta que la totalidad del sitio Web que contiene el texto, software e informaci\u00f3n contenida en el sitio Web de Gloria Events Consell SLU.<\/p>\n\t\t\t\t\t\t\t\t<\/div>\n\t\t\t\t<\/div>\n\t\t\t\t\t<\/div>\n\t\t<\/div>\n\t\t\t\t\t<\/div>\n\t\t<\/section>\n\t\t\t\t<\/div>\n\t\t","protected":false},"excerpt":{"rendered":"<p>Datos de la persona responsable Identidad de la persona responsable: Conny Schmidt Nombre comercial: Gloria Events Consell SLU NIF\/CIF: B57945719 Direcci\u00f3n: Calle Antonio Barcelo 4, 07330 &#8211; Consell Correo electr\u00f3nico: in**@***********ts.com En este apartado, el usuario encontrar\u00e1 toda la informaci\u00f3n relativa a las condiciones legales que rigen la relaci\u00f3n entre los usuarios y mi persona [&hellip;]<\/p>\n","protected":false},"author":1,"featured_media":0,"parent":0,"menu_order":15,"comment_status":"closed","ping_status":"closed","template":"","meta":{"_acf_changed":false,"footnotes":""},"class_list":["post-2422","page","type-page","status-publish","hentry"],"acf":[],"_links":{"self":[{"href":"https:\/\/gloria-events.com\/es\/wp-json\/wp\/v2\/pages\/2422","targetHints":{"allow":["GET"]}}],"collection":[{"href":"https:\/\/gloria-events.com\/es\/wp-json\/wp\/v2\/pages"}],"about":[{"href":"https:\/\/gloria-events.com\/es\/wp-json\/wp\/v2\/types\/page"}],"author":[{"embeddable":true,"href":"https:\/\/gloria-events.com\/es\/wp-json\/wp\/v2\/users\/1"}],"replies":[{"embeddable":true,"href":"https:\/\/gloria-events.com\/es\/wp-json\/wp\/v2\/comments?post=2422"}],"version-history":[{"count":0,"href":"https:\/\/gloria-events.com\/es\/wp-json\/wp\/v2\/pages\/2422\/revisions"}],"wp:attachment":[{"href":"https:\/\/gloria-events.com\/es\/wp-json\/wp\/v2\/media?parent=2422"}],"curies":[{"name":"wp","href":"https:\/\/api.w.org\/{rel}","templated":true}]}}