{"id":2421,"date":"2023-02-05T18:06:47","date_gmt":"2023-02-05T17:06:47","guid":{"rendered":"https:\/\/gloria-events.com\/condiciones-generales-de-contratacion\/"},"modified":"2023-04-07T17:16:24","modified_gmt":"2023-04-07T15:16:24","slug":"condiciones-generales-de-contratacion","status":"publish","type":"page","link":"https:\/\/gloria-events.com\/es\/condiciones-generales-de-contratacion\/","title":{"rendered":"Condiciones generales de contrataci\u00f3n"},"content":{"rendered":"\t\t<div data-elementor-type=\"wp-page\" data-elementor-id=\"2421\" class=\"elementor elementor-2421 elementor-110\" data-elementor-post-type=\"page\">\n\t\t\t\t\t\t<section class=\"elementor-section elementor-top-section elementor-element elementor-element-6aaee40 elementor-section-boxed elementor-section-height-default elementor-section-height-default\" data-id=\"6aaee40\" data-element_type=\"section\" data-e-type=\"section\">\n\t\t\t\t\t\t<div class=\"elementor-container elementor-column-gap-default\">\n\t\t\t\t\t<div class=\"elementor-column elementor-col-100 elementor-top-column elementor-element elementor-element-58d032b\" data-id=\"58d032b\" data-element_type=\"column\" data-e-type=\"column\">\n\t\t\t<div class=\"elementor-widget-wrap elementor-element-populated\">\n\t\t\t\t\t\t<div class=\"elementor-element elementor-element-ee828c2 elementor-widget elementor-widget-text-editor\" data-id=\"ee828c2\" data-element_type=\"widget\" data-e-type=\"widget\" data-widget_type=\"text-editor.default\">\n\t\t\t\t<div class=\"elementor-widget-container\">\n\t\t\t\t\t\t\t\t\t<p><strong>Prestador de servicios<\/strong><\/p>\n<p>En cumplimiento de lo dispuesto en la Ley 34\/2002 de Servicios de la Sociedad de la Informaci\u00f3n y de Comercio Electr\u00f3nico (LSSICE), le informo de los siguientes datos: Soy Conny Schmidt, autora y propietaria de la marca Gloria Events Consell SLU y del sitio web https:\/\/www.gloria-events.com.<\/p>\n<p><strong>Mi NIF es B57945719 y el domicilio social est\u00e1 en la calle Antonio Barcel\u00f3 4, 07330 &#8211; Consell.<\/strong><\/p>\n<p>Mi actividad profesional es: Director Comercial.<\/p>\n<p>Y la finalidad del sitio web Gloria Events Consell SLU: ofrecer catas de vino y actividades relacionadas con el vino. Las siguientes condiciones describen los t\u00e9rminos contractuales de los servicios ofrecidos en el portal Gloria Events Consell SLU y sus portales dependientes, en adelante Gloria Events Consell SLU.<\/p>\n<p>Tambi\u00e9n puede consultar nuestra Pol\u00edtica de privacidad, que describe mis pr\u00e1cticas con respecto a la informaci\u00f3n que usted proporciona.<br \/>\nAntes de utilizar cualquiera de los servicios ofrecidos por Gloria Events Consell SLU, es necesario que lea, comprenda y acepte estos t\u00e9rminos.<br \/>\nS\u00f3lo despu\u00e9s de haber le\u00eddo y aceptado estos t\u00e9rminos y condiciones podr\u00e1 acceder y utilizar estos servicios.<br \/>\nAl aceptar estas Condiciones, queda obligado por las mismas que, junto con mi Pol\u00edtica de Privacidad, rigen nuestra relaci\u00f3n comercial.<br \/>\nSi no est\u00e1 de acuerdo con alguna parte de los t\u00e9rminos, no podr\u00e1 utilizar ninguno de los servicios ofrecidos.<br \/>\nGloria Events Consell SLU se reserva el derecho a modificar o enmendar estas Condiciones en cualquier momento. Si los cambios constituyen una alteraci\u00f3n sustancial de las Condiciones, Gloria Events Consell SLU se lo notificar\u00e1 mediante la publicaci\u00f3n de un anuncio en nuestro sitio Web. Su uso de un servicio despu\u00e9s de la notificaci\u00f3n de un cambio material en las Condiciones constituye su aceptaci\u00f3n de las Condiciones modificadas.<\/p>\n<p><strong>Caracter\u00edsticas de los servicios ofrecidos<\/strong><\/p>\n<p>Vendo catas de vino y actividades relacionadas con el vino en mi sitio web Gloria Events Consell SLU.<\/p>\n<p><strong>Propiedad intelectual<\/strong><\/p>\n<p>Todos los contenidos de nuestros tours y actividades, as\u00ed como las publicaciones en mi p\u00e1gina web, est\u00e1n sujetos a derechos de autor y propiedad intelectual de los que soy titular. Estos derechos no podr\u00e1n ser cedidos ni transmitidos en ning\u00fan caso sin mi consentimiento previo, expreso y por escrito.<\/p>\n<p>En particular, el contenido de nuestros tours y actividades no podr\u00e1 ser reproducido, distribuido, vendido, repartido o utilizado con fines comerciales o no comerciales.<\/p>\n<p>En particular y expresamente, todos los materiales, en cualquier formato, suministrados como parte de mis servicios o formaci\u00f3n son para uso personal y exclusivo. Le agradezco que trate los derechos de autor de estos materiales con respeto, al igual que yo respeto la privacidad de la informaci\u00f3n que comparte conmigo. Cualquier acci\u00f3n que viole estos derechos de autor ser\u00e1 revisada por m\u00ed y tomar\u00e9 las medidas oportunas.<\/p>\n<p><strong>Soluciones de terceros<\/strong><\/p>\n<p>Algunos servicios pueden incluir soluciones de terceros. Gloria Events Consell SLU puede proporcionar enlaces a sitios web de terceros que se asocian con Gloria Events Consell SLU para prestar determinados servicios. Pero tenga en cuenta que nunca compartir\u00e9 su informaci\u00f3n con terceros.<\/p>\n<p><strong>Inscripci\u00f3n<\/strong><\/p>\n<p>Para utilizar los servicios ofrecidos, debe registrarse en el formulario correspondiente de Gloria Events Consell SLU, elegir un nombre de usuario y proporcionar los datos de registro. Los datos de registro que facilites deber\u00e1n ser correctos, completos y estar actualizados en todo momento. No hacerlo constituir\u00e1 un incumplimiento de las Condiciones y podr\u00e1 dar lugar a la rescisi\u00f3n de su contrato con Gloria Events Consell SLU. Los Servicios s\u00f3lo est\u00e1n disponibles para personas f\u00edsicas mayores de 18 a\u00f1os y para empresas.<\/p>\n<p><strong>Asistencia para pedidos y uso razonable<\/strong><\/p>\n<p>Los Servicios deben solicitarse a trav\u00e9s de los canales adecuados para ser recibidos y respondidos en un plazo razonable. A trav\u00e9s de los distintos formularios de contacto de la web o por correo electr\u00f3nico a <span \n                data-original-string='dJUojIFklcuy75wcPXcNKA==fd9LP\/i6y7XG78vqqkaKpe2twAYFagrIqydYMsFaxyA1vQ='\n                class='apbct-email-encoder'\n                title='Este contacto ha sido codificado por Anti-Spam by CleanTalk. Haz clic para decodificar. Para finalizar la decodificaci\u00f3n, aseg\u00farate de que JavaScript est\u00e1 activado en tu navegador.'>in<span class=\"apbct-blur\">**<\/span>@<span class=\"apbct-blur\">***********<\/span>ts.com<\/span>.<\/p>\n<p><strong>Cl\u00e1usula de uso razonable<\/strong><\/p>\n<p>Los servicios de Gloria Events Consell SLU, que proporcionan soporte ilimitado, est\u00e1n sujetos a una cl\u00e1usula de uso razonable. La definici\u00f3n de uso razonable la determina Gloria Events Consell SLU a su entera y absoluta discreci\u00f3n. Los clientes que Gloria Events Consell SLU considere que abusan del servicio ser\u00e1n contactados y advertidos.<\/p>\n<p><strong>Validaci\u00f3n de su compra<\/strong><\/p>\n<p>La confirmaci\u00f3n del pedido por parte del Cliente implica expresamente el conocimiento y aceptaci\u00f3n de las presentes condiciones generales de contrataci\u00f3n como parte de la celebraci\u00f3n del contrato. Mientras no se demuestre lo contrario, los datos almacenados por Gloria Events Consell SLU ser\u00e1n considerados como prueba de todas las transacciones entre Conny Schmidt y sus clientes. Tras la compra y en el plazo m\u00e1s breve posible, siempre dentro de las 24 horas siguientes a la compra, Gloria Events Consell SLU le enviar\u00e1 un comprobante de compra por correo electr\u00f3nico. Si no est\u00e1 de acuerdo con la informaci\u00f3n contenida en esta confirmaci\u00f3n, puede solicitar una modificaci\u00f3n de la misma.<\/p>\n<p><strong>Obligaciones de Gloria Events Consell SLU<\/strong><\/p>\n<p>Gloria Events Consell SLU se compromete a prestar los servicios contratados una vez aprobada su solicitud de servicios y realizado el pago en la forma descrita en el apartado \u00abCondiciones de pago\u00bb.<br \/>\nMe comprometo a cumplir con los plazos de ejecuci\u00f3n del proyecto, siempre y cuando el feedback se desarrolle sin contratiempos y disponga de todos los materiales necesarios para llevar a cabo mi trabajo. Este punto es muy importante, por lo tanto, en caso de retrasos de los que Gloria Events Consell SLU no sea responsable, una vez finalizado el tiempo reservado para el proyecto, lo pospondr\u00e9 seg\u00fan mi disponibilidad o se cancelar\u00e1 sin derecho a devoluci\u00f3n.<\/p>\n<p><strong>Limitaci\u00f3n de responsabilidad<\/strong><\/p>\n<p>Conny Schmidt, se reserva la facultad de efectuar, en cualquier momento y sin necesidad de previo aviso, modificaciones y actualizaciones de la informaci\u00f3n contenida en la web, de la configuraci\u00f3n y presentaci\u00f3n de \u00e9sta, de las condiciones de acceso, condiciones contractuales, etc. Por ello, el USUARIO deber\u00e1 acceder a las versiones actualizadas del Site. En ning\u00fan caso Gloria Events Consell SLU ser\u00e1 responsable por cualquier incumplimiento de contrato por su parte, por negligencia en relaci\u00f3n con el sitio, el servicio o el contenido, por lucro cesante, p\u00e9rdida de uso o da\u00f1os reales, especiales, indirectos, incidentales, punitivos o consecuentes de cualquier tipo que resulten del mal uso de la informaci\u00f3n proporcionada. Mi \u00fanica responsabilidad es proporcionar el servicio de acuerdo con los t\u00e9rminos y condiciones establecidos en este acuerdo. Gloria Events Consell SLU no responder\u00e1 de ninguna consecuencia, da\u00f1o o perjuicio que pudieran derivarse del uso indebido de los servicios prestados, incluidos los prestados por terceros vinculados.<\/p>\n<p><strong>Jurisdicci\u00f3n y ley aplicable<\/strong><\/p>\n<p>Conny Schmidt y el USUARIO se someten a la legislaci\u00f3n espa\u00f1ola para la resoluci\u00f3n de cualquier conflicto que pudiera derivarse del acceso o uso de esta web, y se someten a los juzgados y tribunales de la ciudad de Palma de Mallorca.<\/p>\n<p><strong>Ley Europea del Consumidor<\/strong><\/p>\n<p>Le informo que la Comisi\u00f3n Europea ha creado la primera plataforma europea para la resoluci\u00f3n de litigios en el comercio online de acuerdo con la legislaci\u00f3n m\u00e1s reciente en materia de consumo. En este sentido, como responsable de una plataforma de venta online, tengo la obligaci\u00f3n de informar a mis usuarios de la existencia de una plataforma alternativa de resoluci\u00f3n de litigios online. Para utilizar la plataforma de resoluci\u00f3n de litigios, el usuario debe utilizar el siguiente enlace: http:\/\/ec.europa.eu\/odr<\/p>\n\t\t\t\t\t\t\t\t<\/div>\n\t\t\t\t<\/div>\n\t\t\t\t\t<\/div>\n\t\t<\/div>\n\t\t\t\t\t<\/div>\n\t\t<\/section>\n\t\t\t\t<\/div>\n\t\t","protected":false},"excerpt":{"rendered":"<p>Prestador de servicios En cumplimiento de lo dispuesto en la Ley 34\/2002 de Servicios de la Sociedad de la Informaci\u00f3n y de Comercio Electr\u00f3nico (LSSICE), le informo de los siguientes datos: Soy Conny Schmidt, autora y propietaria de la marca Gloria Events Consell SLU y del sitio web https:\/\/www.gloria-events.com. Mi NIF es B57945719 y el [&hellip;]<\/p>\n","protected":false},"author":1,"featured_media":0,"parent":0,"menu_order":13,"comment_status":"closed","ping_status":"closed","template":"","meta":{"_acf_changed":false,"footnotes":""},"class_list":["post-2421","page","type-page","status-publish","hentry"],"acf":[],"_links":{"self":[{"href":"https:\/\/gloria-events.com\/es\/wp-json\/wp\/v2\/pages\/2421","targetHints":{"allow":["GET"]}}],"collection":[{"href":"https:\/\/gloria-events.com\/es\/wp-json\/wp\/v2\/pages"}],"about":[{"href":"https:\/\/gloria-events.com\/es\/wp-json\/wp\/v2\/types\/page"}],"author":[{"embeddable":true,"href":"https:\/\/gloria-events.com\/es\/wp-json\/wp\/v2\/users\/1"}],"replies":[{"embeddable":true,"href":"https:\/\/gloria-events.com\/es\/wp-json\/wp\/v2\/comments?post=2421"}],"version-history":[{"count":0,"href":"https:\/\/gloria-events.com\/es\/wp-json\/wp\/v2\/pages\/2421\/revisions"}],"wp:attachment":[{"href":"https:\/\/gloria-events.com\/es\/wp-json\/wp\/v2\/media?parent=2421"}],"curies":[{"name":"wp","href":"https:\/\/api.w.org\/{rel}","templated":true}]}}