{"id":2413,"date":"2023-02-05T17:43:51","date_gmt":"2023-02-05T16:43:51","guid":{"rendered":"https:\/\/gloria-events.com\/otros-servicios\/"},"modified":"2023-04-07T16:57:09","modified_gmt":"2023-04-07T14:57:09","slug":"otros-servicios","status":"publish","type":"page","link":"https:\/\/gloria-events.com\/es\/otros-servicios\/","title":{"rendered":"Otros servicios"},"content":{"rendered":"\t\t<div data-elementor-type=\"wp-page\" data-elementor-id=\"2413\" class=\"elementor elementor-2413 elementor-72\" data-elementor-post-type=\"page\">\n\t\t\t\t\t\t<section class=\"elementor-section elementor-top-section elementor-element elementor-element-51a7e37 elementor-section-boxed elementor-section-height-default elementor-section-height-default\" data-id=\"51a7e37\" data-element_type=\"section\" data-e-type=\"section\">\n\t\t\t\t\t\t<div class=\"elementor-container elementor-column-gap-default\">\n\t\t\t\t\t<div class=\"elementor-column elementor-col-100 elementor-top-column elementor-element elementor-element-582f508\" data-id=\"582f508\" data-element_type=\"column\" data-e-type=\"column\">\n\t\t\t<div class=\"elementor-widget-wrap elementor-element-populated\">\n\t\t\t\t\t\t<div class=\"elementor-element elementor-element-b123cab elementor-widget elementor-widget-heading\" data-id=\"b123cab\" data-element_type=\"widget\" data-e-type=\"widget\" data-widget_type=\"heading.default\">\n\t\t\t\t<div class=\"elementor-widget-container\">\n\t\t\t\t\t<h2 class=\"elementor-heading-title elementor-size-default\">Otros servicios exclusivos que completan nuestra oferta<\/h2>\t\t\t\t<\/div>\n\t\t\t\t<\/div>\n\t\t\t\t\t<\/div>\n\t\t<\/div>\n\t\t\t\t\t<\/div>\n\t\t<\/section>\n\t\t\t\t<section class=\"elementor-section elementor-top-section elementor-element elementor-element-eca3cca elementor-section-boxed elementor-section-height-default elementor-section-height-default\" data-id=\"eca3cca\" data-element_type=\"section\" data-e-type=\"section\">\n\t\t\t\t\t\t<div class=\"elementor-container elementor-column-gap-default\">\n\t\t\t\t\t<div class=\"elementor-column elementor-col-50 elementor-top-column elementor-element elementor-element-9cda341\" data-id=\"9cda341\" data-element_type=\"column\" data-e-type=\"column\">\n\t\t\t<div class=\"elementor-widget-wrap elementor-element-populated\">\n\t\t\t\t\t\t<div class=\"elementor-element elementor-element-19dde5f elementor-widget elementor-widget-text-editor\" data-id=\"19dde5f\" data-element_type=\"widget\" data-e-type=\"widget\" data-widget_type=\"text-editor.default\">\n\t\t\t\t<div class=\"elementor-widget-container\">\n\t\t\t\t\t\t\t\t\t<p>Cosm\u00e9tica y peluquer\u00eda &#8211; Estar guapa y bien peinada te hace sentir preparada para las grandes fiestas.<\/p>\n\t\t\t\t\t\t\t\t<\/div>\n\t\t\t\t<\/div>\n\t\t\t\t<div class=\"elementor-element elementor-element-bf08ecc elementor-widget elementor-widget-text-editor\" data-id=\"bf08ecc\" data-element_type=\"widget\" data-e-type=\"widget\" data-widget_type=\"text-editor.default\">\n\t\t\t\t<div class=\"elementor-widget-container\">\n\t\t\t\t\t\t\t\t\t<p>Para bodas y\/o eventos representativos, nos complace poner a su disposici\u00f3n experimentados y renombrados estudios de cosm\u00e9tica y peluquer\u00edas en Mallorca, que concienzudamente y seg\u00fan &#8216;todas las reglas del arte&#8217; se encargan del aspecto adecuado para la ocasi\u00f3n. Si fuera necesario, nuestros socios para &#8216;piel y cabello&#8217; tambi\u00e9n le visitar\u00e1n en el alojamiento y con poca antelaci\u00f3n antes del evento.<\/p>\n\t\t\t\t\t\t\t\t<\/div>\n\t\t\t\t<\/div>\n\t\t\t\t\t<\/div>\n\t\t<\/div>\n\t\t\t\t<div class=\"elementor-column elementor-col-50 elementor-top-column elementor-element elementor-element-5650ae2\" data-id=\"5650ae2\" data-element_type=\"column\" data-e-type=\"column\">\n\t\t\t<div class=\"elementor-widget-wrap elementor-element-populated\">\n\t\t\t\t\t\t<div class=\"elementor-element elementor-element-9003efd e-transform elementor-widget elementor-widget-image\" data-id=\"9003efd\" data-element_type=\"widget\" data-e-type=\"widget\" data-settings=\"{&quot;_transform_rotateZ_effect&quot;:{&quot;unit&quot;:&quot;px&quot;,&quot;size&quot;:2,&quot;sizes&quot;:[]},&quot;_transform_rotateZ_effect_tablet&quot;:{&quot;unit&quot;:&quot;deg&quot;,&quot;size&quot;:&quot;&quot;,&quot;sizes&quot;:[]},&quot;_transform_rotateZ_effect_mobile&quot;:{&quot;unit&quot;:&quot;deg&quot;,&quot;size&quot;:&quot;&quot;,&quot;sizes&quot;:[]}}\" data-widget_type=\"image.default\">\n\t\t\t\t<div class=\"elementor-widget-container\">\n\t\t\t\t\t\t\t\t\t\t\t\t\t\t\t<img fetchpriority=\"high\" decoding=\"async\" width=\"800\" height=\"534\" src=\"https:\/\/gloria-events.com\/wp-content\/uploads\/2023\/03\/hochzeitsfrisur-1024x683.jpg\" class=\"attachment-large size-large wp-image-1249\" alt=\"Brautstyling mit Haarschmuck\" srcset=\"https:\/\/gloria-events.com\/wp-content\/uploads\/2023\/03\/hochzeitsfrisur-1024x683.jpg 1024w, https:\/\/gloria-events.com\/wp-content\/uploads\/2023\/03\/hochzeitsfrisur-600x400.jpg 600w, https:\/\/gloria-events.com\/wp-content\/uploads\/2023\/03\/hochzeitsfrisur-300x200.jpg 300w, https:\/\/gloria-events.com\/wp-content\/uploads\/2023\/03\/hochzeitsfrisur-768x512.jpg 768w, https:\/\/gloria-events.com\/wp-content\/uploads\/2023\/03\/hochzeitsfrisur-1536x1024.jpg 1536w, https:\/\/gloria-events.com\/wp-content\/uploads\/2023\/03\/hochzeitsfrisur.jpg 1920w\" sizes=\"(max-width: 800px) 100vw, 800px\" \/>\t\t\t\t\t\t\t\t\t\t\t\t\t\t\t<\/div>\n\t\t\t\t<\/div>\n\t\t\t\t\t<\/div>\n\t\t<\/div>\n\t\t\t\t\t<\/div>\n\t\t<\/section>\n\t\t\t\t<section class=\"elementor-section elementor-top-section elementor-element elementor-element-b98f22d elementor-section-boxed elementor-section-height-default elementor-section-height-default\" data-id=\"b98f22d\" data-element_type=\"section\" data-e-type=\"section\">\n\t\t\t\t\t\t<div class=\"elementor-container elementor-column-gap-default\">\n\t\t\t\t\t<div class=\"elementor-column elementor-col-50 elementor-top-column elementor-element elementor-element-8575295\" data-id=\"8575295\" data-element_type=\"column\" data-e-type=\"column\">\n\t\t\t<div class=\"elementor-widget-wrap elementor-element-populated\">\n\t\t\t\t\t\t<div class=\"elementor-element elementor-element-47a11cf e-transform elementor-widget elementor-widget-image\" data-id=\"47a11cf\" data-element_type=\"widget\" data-e-type=\"widget\" data-settings=\"{&quot;_transform_rotateZ_effect&quot;:{&quot;unit&quot;:&quot;px&quot;,&quot;size&quot;:-2,&quot;sizes&quot;:[]},&quot;_transform_rotateZ_effect_tablet&quot;:{&quot;unit&quot;:&quot;deg&quot;,&quot;size&quot;:&quot;&quot;,&quot;sizes&quot;:[]},&quot;_transform_rotateZ_effect_mobile&quot;:{&quot;unit&quot;:&quot;deg&quot;,&quot;size&quot;:&quot;&quot;,&quot;sizes&quot;:[]}}\" data-widget_type=\"image.default\">\n\t\t\t\t<div class=\"elementor-widget-container\">\n\t\t\t\t\t\t\t\t\t\t\t\t\t\t\t<img decoding=\"async\" width=\"800\" height=\"534\" src=\"https:\/\/gloria-events.com\/wp-content\/uploads\/2023\/03\/hochzeitsredner-1024x683.jpg\" class=\"attachment-large size-large wp-image-1252\" alt=\"Hochzeitsredner bei der Arbeit\" srcset=\"https:\/\/gloria-events.com\/wp-content\/uploads\/2023\/03\/hochzeitsredner-1024x683.jpg 1024w, https:\/\/gloria-events.com\/wp-content\/uploads\/2023\/03\/hochzeitsredner-600x400.jpg 600w, https:\/\/gloria-events.com\/wp-content\/uploads\/2023\/03\/hochzeitsredner-300x200.jpg 300w, https:\/\/gloria-events.com\/wp-content\/uploads\/2023\/03\/hochzeitsredner-768x512.jpg 768w, https:\/\/gloria-events.com\/wp-content\/uploads\/2023\/03\/hochzeitsredner-1536x1024.jpg 1536w, https:\/\/gloria-events.com\/wp-content\/uploads\/2023\/03\/hochzeitsredner.jpg 1920w\" sizes=\"(max-width: 800px) 100vw, 800px\" \/>\t\t\t\t\t\t\t\t\t\t\t\t\t\t\t<\/div>\n\t\t\t\t<\/div>\n\t\t\t\t\t<\/div>\n\t\t<\/div>\n\t\t\t\t<div class=\"elementor-column elementor-col-50 elementor-top-column elementor-element elementor-element-5a4a554\" data-id=\"5a4a554\" data-element_type=\"column\" data-e-type=\"column\">\n\t\t\t<div class=\"elementor-widget-wrap elementor-element-populated\">\n\t\t\t\t\t\t<div class=\"elementor-element elementor-element-099690f elementor-widget elementor-widget-text-editor\" data-id=\"099690f\" data-element_type=\"widget\" data-e-type=\"widget\" data-widget_type=\"text-editor.default\">\n\t\t\t\t<div class=\"elementor-widget-container\">\n\t\t\t\t\t\t\t\t\t<p>Orador para una ceremonia de boda: Hoy en d\u00eda, las bodas sin la bendici\u00f3n de Dios son comunes y habituales.<\/p>\n\t\t\t\t\t\t\t\t<\/div>\n\t\t\t\t<\/div>\n\t\t\t\t<div class=\"elementor-element elementor-element-13a5247 elementor-widget elementor-widget-text-editor\" data-id=\"13a5247\" data-element_type=\"widget\" data-e-type=\"widget\" data-widget_type=\"text-editor.default\">\n\t\t\t\t<div class=\"elementor-widget-container\">\n\t\t\t\t\t\t\t\t\t<p>\u00bfLe gustar\u00eda dar a su ser querido sus votos para el resto de su vida juntos, pero no le da ninguna importancia a un entorno religioso? Esto ya no es un problema, ni siquiera en Espa\u00f1a, que supuestamente sigue siendo tan religiosa y cat\u00f3lica. Estamos encantados de organizar para bodas laicas gratuitas a oradores con dotes ret\u00f3ricas y ling\u00fc\u00edsticas, que sellar\u00e1n vuestro v\u00ednculo de amor sin invocar la Biblia.<\/p>\n\t\t\t\t\t\t\t\t<\/div>\n\t\t\t\t<\/div>\n\t\t\t\t\t<\/div>\n\t\t<\/div>\n\t\t\t\t\t<\/div>\n\t\t<\/section>\n\t\t\t\t<section class=\"elementor-section elementor-top-section elementor-element elementor-element-263a338 elementor-section-boxed elementor-section-height-default elementor-section-height-default\" data-id=\"263a338\" data-element_type=\"section\" data-e-type=\"section\">\n\t\t\t\t\t\t<div class=\"elementor-container elementor-column-gap-default\">\n\t\t\t\t\t<div class=\"elementor-column elementor-col-50 elementor-top-column elementor-element elementor-element-3ed9e12\" data-id=\"3ed9e12\" data-element_type=\"column\" data-e-type=\"column\">\n\t\t\t<div class=\"elementor-widget-wrap elementor-element-populated\">\n\t\t\t\t\t\t<div class=\"elementor-element elementor-element-d4962d6 elementor-widget elementor-widget-text-editor\" data-id=\"d4962d6\" data-element_type=\"widget\" data-e-type=\"widget\" data-widget_type=\"text-editor.default\">\n\t\t\t\t<div class=\"elementor-widget-container\">\n\t\t\t\t\t\t\t\t\t<p><strong>Pastor para una boda por la iglesia:<\/strong> Una iglesia de pueblo en Mallorca es puro romanticismo.<\/p>\n\t\t\t\t\t\t\t\t<\/div>\n\t\t\t\t<\/div>\n\t\t\t\t<div class=\"elementor-element elementor-element-29c14f4 elementor-widget elementor-widget-text-editor\" data-id=\"29c14f4\" data-element_type=\"widget\" data-e-type=\"widget\" data-widget_type=\"text-editor.default\">\n\t\t\t\t<div class=\"elementor-widget-container\">\n\t\t\t\t\t\t\t\t\t<p>Como todos sabemos, las bodas son como cualquier otro acontecimiento de la vida: Los gustos suelen ser muy diferentes y ante una decisi\u00f3n tan trascendental como un matrimonio, los esposos suelen querer que el preludio sea lo m\u00e1s parecido posible a lo que ten\u00edan en mente. As\u00ed que si quiere una ceremonia de boda como sacada de un cuento de hadas, en una iglesia peque\u00f1a, con traje y vestido de novia y un cl\u00e9rigo en el altar que pronuncie palabras consagradas y le case solemnemente, estaremos encantados de organizarle un pastor.<\/p>\n\t\t\t\t\t\t\t\t<\/div>\n\t\t\t\t<\/div>\n\t\t\t\t\t<\/div>\n\t\t<\/div>\n\t\t\t\t<div class=\"elementor-column elementor-col-50 elementor-top-column elementor-element elementor-element-ed39f76\" data-id=\"ed39f76\" data-element_type=\"column\" data-e-type=\"column\">\n\t\t\t<div class=\"elementor-widget-wrap elementor-element-populated\">\n\t\t\t\t\t\t<div class=\"elementor-element elementor-element-65c91a9 e-transform elementor-widget elementor-widget-image\" data-id=\"65c91a9\" data-element_type=\"widget\" data-e-type=\"widget\" data-settings=\"{&quot;_transform_rotateZ_effect&quot;:{&quot;unit&quot;:&quot;px&quot;,&quot;size&quot;:2,&quot;sizes&quot;:[]},&quot;_transform_rotateZ_effect_tablet&quot;:{&quot;unit&quot;:&quot;deg&quot;,&quot;size&quot;:&quot;&quot;,&quot;sizes&quot;:[]},&quot;_transform_rotateZ_effect_mobile&quot;:{&quot;unit&quot;:&quot;deg&quot;,&quot;size&quot;:&quot;&quot;,&quot;sizes&quot;:[]}}\" data-widget_type=\"image.default\">\n\t\t\t\t<div class=\"elementor-widget-container\">\n\t\t\t\t\t\t\t\t\t\t\t\t\t\t\t<img decoding=\"async\" width=\"800\" height=\"534\" src=\"https:\/\/gloria-events.com\/wp-content\/uploads\/2023\/03\/priester-bei-hochzeit-1024x683.jpg\" class=\"attachment-large size-large wp-image-1313\" alt=\"Priester bei einer Trauung\" srcset=\"https:\/\/gloria-events.com\/wp-content\/uploads\/2023\/03\/priester-bei-hochzeit-1024x683.jpg 1024w, https:\/\/gloria-events.com\/wp-content\/uploads\/2023\/03\/priester-bei-hochzeit-600x400.jpg 600w, https:\/\/gloria-events.com\/wp-content\/uploads\/2023\/03\/priester-bei-hochzeit-300x200.jpg 300w, https:\/\/gloria-events.com\/wp-content\/uploads\/2023\/03\/priester-bei-hochzeit-768x512.jpg 768w, https:\/\/gloria-events.com\/wp-content\/uploads\/2023\/03\/priester-bei-hochzeit-1536x1024.jpg 1536w, https:\/\/gloria-events.com\/wp-content\/uploads\/2023\/03\/priester-bei-hochzeit.jpg 1920w\" sizes=\"(max-width: 800px) 100vw, 800px\" \/>\t\t\t\t\t\t\t\t\t\t\t\t\t\t\t<\/div>\n\t\t\t\t<\/div>\n\t\t\t\t\t<\/div>\n\t\t<\/div>\n\t\t\t\t\t<\/div>\n\t\t<\/section>\n\t\t\t\t<\/div>\n\t\t","protected":false},"excerpt":{"rendered":"<p>Otros servicios exclusivos que completan nuestra oferta Cosm\u00e9tica y peluquer\u00eda &#8211; Estar guapa y bien peinada te hace sentir preparada para las grandes fiestas. Para bodas y\/o eventos representativos, nos complace poner a su disposici\u00f3n experimentados y renombrados estudios de cosm\u00e9tica y peluquer\u00edas en Mallorca, que concienzudamente y seg\u00fan &#8216;todas las reglas del arte&#8217; se [&hellip;]<\/p>\n","protected":false},"author":1,"featured_media":0,"parent":0,"menu_order":9,"comment_status":"closed","ping_status":"closed","template":"","meta":{"_acf_changed":false,"footnotes":""},"class_list":["post-2413","page","type-page","status-publish","hentry"],"acf":[],"_links":{"self":[{"href":"https:\/\/gloria-events.com\/es\/wp-json\/wp\/v2\/pages\/2413","targetHints":{"allow":["GET"]}}],"collection":[{"href":"https:\/\/gloria-events.com\/es\/wp-json\/wp\/v2\/pages"}],"about":[{"href":"https:\/\/gloria-events.com\/es\/wp-json\/wp\/v2\/types\/page"}],"author":[{"embeddable":true,"href":"https:\/\/gloria-events.com\/es\/wp-json\/wp\/v2\/users\/1"}],"replies":[{"embeddable":true,"href":"https:\/\/gloria-events.com\/es\/wp-json\/wp\/v2\/comments?post=2413"}],"version-history":[{"count":0,"href":"https:\/\/gloria-events.com\/es\/wp-json\/wp\/v2\/pages\/2413\/revisions"}],"wp:attachment":[{"href":"https:\/\/gloria-events.com\/es\/wp-json\/wp\/v2\/media?parent=2413"}],"curies":[{"name":"wp","href":"https:\/\/api.w.org\/{rel}","templated":true}]}}