{"id":2411,"date":"2023-02-05T17:42:32","date_gmt":"2023-02-05T16:42:32","guid":{"rendered":"https:\/\/gloria-events.com\/floristeria-decoracion\/"},"modified":"2023-04-07T16:51:27","modified_gmt":"2023-04-07T14:51:27","slug":"floristeria-decoracion","status":"publish","type":"page","link":"https:\/\/gloria-events.com\/es\/floristeria-decoracion\/","title":{"rendered":"Florister\u00eda &#038; decoraci\u00f3n"},"content":{"rendered":"\t\t<div data-elementor-type=\"wp-page\" data-elementor-id=\"2411\" class=\"elementor elementor-2411 elementor-67\" data-elementor-post-type=\"page\">\n\t\t\t\t\t\t<section class=\"elementor-section elementor-top-section elementor-element elementor-element-22f1a92 elementor-section-boxed elementor-section-height-default elementor-section-height-default\" data-id=\"22f1a92\" data-element_type=\"section\" data-e-type=\"section\">\n\t\t\t\t\t\t<div class=\"elementor-container elementor-column-gap-default\">\n\t\t\t\t\t<div class=\"elementor-column elementor-col-100 elementor-top-column elementor-element elementor-element-4629c01\" data-id=\"4629c01\" data-element_type=\"column\" data-e-type=\"column\">\n\t\t\t<div class=\"elementor-widget-wrap elementor-element-populated\">\n\t\t\t\t\t\t<div class=\"elementor-element elementor-element-28443b9 elementor-widget elementor-widget-heading\" data-id=\"28443b9\" data-element_type=\"widget\" data-e-type=\"widget\" data-widget_type=\"heading.default\">\n\t\t\t\t<div class=\"elementor-widget-container\">\n\t\t\t\t\t<h2 class=\"elementor-heading-title elementor-size-default\">Hermosas flores de todos los colores del arco iris.<\/h2>\t\t\t\t<\/div>\n\t\t\t\t<\/div>\n\t\t\t\t\t<\/div>\n\t\t<\/div>\n\t\t\t\t\t<\/div>\n\t\t<\/section>\n\t\t\t\t<section class=\"elementor-section elementor-top-section elementor-element elementor-element-e5c9c27 elementor-section-boxed elementor-section-height-default elementor-section-height-default\" data-id=\"e5c9c27\" data-element_type=\"section\" data-e-type=\"section\">\n\t\t\t\t\t\t<div class=\"elementor-container elementor-column-gap-default\">\n\t\t\t\t\t<div class=\"elementor-column elementor-col-50 elementor-top-column elementor-element elementor-element-0de495a\" data-id=\"0de495a\" data-element_type=\"column\" data-e-type=\"column\">\n\t\t\t<div class=\"elementor-widget-wrap elementor-element-populated\">\n\t\t\t\t\t\t<div class=\"elementor-element elementor-element-21c288c elementor-widget elementor-widget-text-editor\" data-id=\"21c288c\" data-element_type=\"widget\" data-e-type=\"widget\" data-widget_type=\"text-editor.default\">\n\t\t\t\t<div class=\"elementor-widget-container\">\n\t\t\t\t\t\t\t\t\t<p>Por supuesto, si lo desea, tambi\u00e9n podemos confeccionar un magn\u00edfico ramo con flores maravillosamente perfumadas y brillantes para la feliz novia.<\/p>\n\t\t\t\t\t\t\t\t<\/div>\n\t\t\t\t<\/div>\n\t\t\t\t<div class=\"elementor-element elementor-element-4271bde elementor-widget elementor-widget-text-editor\" data-id=\"4271bde\" data-element_type=\"widget\" data-e-type=\"widget\" data-widget_type=\"text-editor.default\">\n\t\t\t\t<div class=\"elementor-widget-container\">\n\t\t\t\t\t\t\t\t\t<p>Lo mismo puede decirse de las decoraciones florales de mesa en vasos y jarrones, as\u00ed como de los elegantes arreglos de velas cuya suave luz crea un ambiente especialmente atmosf\u00e9rico. Tambi\u00e9n hay disponibles letras iluminadas para el lema de la fiesta, impresionantes l\u00e1mparas de ara\u00f1a, farolillos, velas de t\u00e9 y farolillos, as\u00ed como columnas y tableros para letras.<\/p>\n\t\t\t\t\t\t\t\t<\/div>\n\t\t\t\t<\/div>\n\t\t\t\t\t<\/div>\n\t\t<\/div>\n\t\t\t\t<div class=\"elementor-column elementor-col-50 elementor-top-column elementor-element elementor-element-c848bb2\" data-id=\"c848bb2\" data-element_type=\"column\" data-e-type=\"column\">\n\t\t\t<div class=\"elementor-widget-wrap elementor-element-populated\">\n\t\t\t\t\t\t<div class=\"elementor-element elementor-element-67ace34 e-transform elementor-widget elementor-widget-image\" data-id=\"67ace34\" data-element_type=\"widget\" data-e-type=\"widget\" data-settings=\"{&quot;_transform_rotateZ_effect&quot;:{&quot;unit&quot;:&quot;px&quot;,&quot;size&quot;:2,&quot;sizes&quot;:[]},&quot;_transform_rotateZ_effect_tablet&quot;:{&quot;unit&quot;:&quot;deg&quot;,&quot;size&quot;:&quot;&quot;,&quot;sizes&quot;:[]},&quot;_transform_rotateZ_effect_mobile&quot;:{&quot;unit&quot;:&quot;deg&quot;,&quot;size&quot;:&quot;&quot;,&quot;sizes&quot;:[]}}\" data-widget_type=\"image.default\">\n\t\t\t\t<div class=\"elementor-widget-container\">\n\t\t\t\t\t\t\t\t\t\t\t\t\t\t\t<img fetchpriority=\"high\" decoding=\"async\" width=\"800\" height=\"534\" src=\"https:\/\/gloria-events.com\/wp-content\/uploads\/2023\/03\/hochzeitsstrauss-1024x683.jpg\" class=\"attachment-large size-large wp-image-1258\" alt=\"Kleiner kompakter Brautstrauss\" srcset=\"https:\/\/gloria-events.com\/wp-content\/uploads\/2023\/03\/hochzeitsstrauss-1024x683.jpg 1024w, https:\/\/gloria-events.com\/wp-content\/uploads\/2023\/03\/hochzeitsstrauss-600x400.jpg 600w, https:\/\/gloria-events.com\/wp-content\/uploads\/2023\/03\/hochzeitsstrauss-300x200.jpg 300w, https:\/\/gloria-events.com\/wp-content\/uploads\/2023\/03\/hochzeitsstrauss-768x512.jpg 768w, https:\/\/gloria-events.com\/wp-content\/uploads\/2023\/03\/hochzeitsstrauss-1536x1024.jpg 1536w, https:\/\/gloria-events.com\/wp-content\/uploads\/2023\/03\/hochzeitsstrauss.jpg 1920w\" sizes=\"(max-width: 800px) 100vw, 800px\" \/>\t\t\t\t\t\t\t\t\t\t\t\t\t\t\t<\/div>\n\t\t\t\t<\/div>\n\t\t\t\t\t<\/div>\n\t\t<\/div>\n\t\t\t\t\t<\/div>\n\t\t<\/section>\n\t\t\t\t<\/div>\n\t\t","protected":false},"excerpt":{"rendered":"<p>Hermosas flores de todos los colores del arco iris. Por supuesto, si lo desea, tambi\u00e9n podemos confeccionar un magn\u00edfico ramo con flores maravillosamente perfumadas y brillantes para la feliz novia. Lo mismo puede decirse de las decoraciones florales de mesa en vasos y jarrones, as\u00ed como de los elegantes arreglos de velas cuya suave luz [&hellip;]<\/p>\n","protected":false},"author":1,"featured_media":0,"parent":0,"menu_order":8,"comment_status":"closed","ping_status":"closed","template":"","meta":{"_acf_changed":false,"footnotes":""},"class_list":["post-2411","page","type-page","status-publish","hentry"],"acf":[],"_links":{"self":[{"href":"https:\/\/gloria-events.com\/es\/wp-json\/wp\/v2\/pages\/2411","targetHints":{"allow":["GET"]}}],"collection":[{"href":"https:\/\/gloria-events.com\/es\/wp-json\/wp\/v2\/pages"}],"about":[{"href":"https:\/\/gloria-events.com\/es\/wp-json\/wp\/v2\/types\/page"}],"author":[{"embeddable":true,"href":"https:\/\/gloria-events.com\/es\/wp-json\/wp\/v2\/users\/1"}],"replies":[{"embeddable":true,"href":"https:\/\/gloria-events.com\/es\/wp-json\/wp\/v2\/comments?post=2411"}],"version-history":[{"count":0,"href":"https:\/\/gloria-events.com\/es\/wp-json\/wp\/v2\/pages\/2411\/revisions"}],"wp:attachment":[{"href":"https:\/\/gloria-events.com\/es\/wp-json\/wp\/v2\/media?parent=2411"}],"curies":[{"name":"wp","href":"https:\/\/api.w.org\/{rel}","templated":true}]}}