{"id":2405,"date":"2023-02-05T17:37:44","date_gmt":"2023-02-05T16:37:44","guid":{"rendered":"https:\/\/gloria-events.com\/mobiliario-y-equipamiento\/"},"modified":"2025-01-14T18:29:18","modified_gmt":"2025-01-14T17:29:18","slug":"mobiliario-y-equipamiento","status":"publish","type":"page","link":"https:\/\/gloria-events.com\/es\/mobiliario-y-equipamiento\/","title":{"rendered":"Mobiliario y equipamiento"},"content":{"rendered":"\t\t<div data-elementor-type=\"wp-page\" data-elementor-id=\"2405\" class=\"elementor elementor-2405 elementor-52\" data-elementor-post-type=\"page\">\n\t\t\t\t\t\t<section class=\"elementor-section elementor-top-section elementor-element elementor-element-41512aa elementor-section-boxed elementor-section-height-default elementor-section-height-default\" data-id=\"41512aa\" data-element_type=\"section\" data-e-type=\"section\">\n\t\t\t\t\t\t<div class=\"elementor-container elementor-column-gap-default\">\n\t\t\t\t\t<div class=\"elementor-column elementor-col-100 elementor-top-column elementor-element elementor-element-c044423\" data-id=\"c044423\" data-element_type=\"column\" data-e-type=\"column\">\n\t\t\t<div class=\"elementor-widget-wrap elementor-element-populated\">\n\t\t\t\t\t\t<div class=\"elementor-element elementor-element-f5e6751 elementor-widget elementor-widget-heading\" data-id=\"f5e6751\" data-element_type=\"widget\" data-e-type=\"widget\" data-widget_type=\"heading.default\">\n\t\t\t\t<div class=\"elementor-widget-container\">\n\t\t\t\t\t<h2 class=\"elementor-heading-title elementor-size-default\">Rel\u00e1jese y disfrute caminando, de pie y sentado<\/h2>\t\t\t\t<\/div>\n\t\t\t\t<\/div>\n\t\t\t\t\t<\/div>\n\t\t<\/div>\n\t\t\t\t\t<\/div>\n\t\t<\/section>\n\t\t\t\t<section class=\"elementor-section elementor-top-section elementor-element elementor-element-22c833a elementor-section-boxed elementor-section-height-default elementor-section-height-default\" data-id=\"22c833a\" data-element_type=\"section\" data-e-type=\"section\">\n\t\t\t\t\t\t<div class=\"elementor-container elementor-column-gap-default\">\n\t\t\t\t\t<div class=\"elementor-column elementor-col-50 elementor-top-column elementor-element elementor-element-3c5f553\" data-id=\"3c5f553\" data-element_type=\"column\" data-e-type=\"column\">\n\t\t\t<div class=\"elementor-widget-wrap elementor-element-populated\">\n\t\t\t\t\t\t<div class=\"elementor-element elementor-element-026db95 elementor-widget elementor-widget-text-editor\" data-id=\"026db95\" data-element_type=\"widget\" data-e-type=\"widget\" data-widget_type=\"text-editor.default\">\n\t\t\t\t<div class=\"elementor-widget-container\">\n\t\t\t\t\t\t\t\t\t<p>Mesas de bistr\u00f3 y de bar, mesas largas con filas de sillas para el banquete, asientos y sillas para adultos y ni\u00f1os de madera, metal y pl\u00e1stico, bancos y taburetes, as\u00ed como fundas a juego, cojines, muebles de jard\u00edn y de sal\u00f3n y mostradores de bar: Llevamos muebles de todo tipo incluso a lugares remotos para que est\u00e9 lo m\u00e1s c\u00f3modo posible en su evento.<\/p>\n\t\t\t\t\t\t\t\t<\/div>\n\t\t\t\t<\/div>\n\t\t\t\t<div class=\"elementor-element elementor-element-38357de elementor-widget elementor-widget-text-editor\" data-id=\"38357de\" data-element_type=\"widget\" data-e-type=\"widget\" data-widget_type=\"text-editor.default\">\n\t\t\t\t<div class=\"elementor-widget-container\">\n\t\t\t\t\t\t\t\t\t<p>La cuberter\u00eda y vajilla de porcelana, cristal y acero inoxidable para la mesa y el buf\u00e9, as\u00ed como todos los accesorios, como soportes para tartas, tablas de madera, paneras y cuencos para finger food, tambi\u00e9n forman parte de nuestro equipamiento para usted.<\/p>\n\t\t\t\t\t\t\t\t<\/div>\n\t\t\t\t<\/div>\n\t\t\t\t\t<\/div>\n\t\t<\/div>\n\t\t\t\t<div class=\"elementor-column elementor-col-50 elementor-top-column elementor-element elementor-element-f56dc8b\" data-id=\"f56dc8b\" data-element_type=\"column\" data-e-type=\"column\">\n\t\t\t<div class=\"elementor-widget-wrap elementor-element-populated\">\n\t\t\t\t\t\t<div class=\"elementor-element elementor-element-b620f0f e-transform elementor-widget elementor-widget-image\" data-id=\"b620f0f\" data-element_type=\"widget\" data-e-type=\"widget\" data-settings=\"{&quot;_transform_rotateZ_effect&quot;:{&quot;unit&quot;:&quot;px&quot;,&quot;size&quot;:2,&quot;sizes&quot;:[]},&quot;_transform_rotateZ_effect_tablet&quot;:{&quot;unit&quot;:&quot;deg&quot;,&quot;size&quot;:&quot;&quot;,&quot;sizes&quot;:[]},&quot;_transform_rotateZ_effect_mobile&quot;:{&quot;unit&quot;:&quot;deg&quot;,&quot;size&quot;:&quot;&quot;,&quot;sizes&quot;:[]}}\" data-widget_type=\"image.default\">\n\t\t\t\t<div class=\"elementor-widget-container\">\n\t\t\t\t\t\t\t\t\t\t\t\t\t\t\t<img fetchpriority=\"high\" decoding=\"async\" width=\"1920\" height=\"1280\" src=\"https:\/\/gloria-events.com\/wp-content\/uploads\/2023\/03\/hochzeitszeremonie-setup.jpg\" class=\"attachment-full size-full wp-image-1261\" alt=\"Blumendekoration aus wei\u00dfen Eustomen und Ruscus\" srcset=\"https:\/\/gloria-events.com\/wp-content\/uploads\/2023\/03\/hochzeitszeremonie-setup.jpg 1920w, https:\/\/gloria-events.com\/wp-content\/uploads\/2023\/03\/hochzeitszeremonie-setup-600x400.jpg 600w, https:\/\/gloria-events.com\/wp-content\/uploads\/2023\/03\/hochzeitszeremonie-setup-300x200.jpg 300w, https:\/\/gloria-events.com\/wp-content\/uploads\/2023\/03\/hochzeitszeremonie-setup-1024x683.jpg 1024w, https:\/\/gloria-events.com\/wp-content\/uploads\/2023\/03\/hochzeitszeremonie-setup-768x512.jpg 768w, https:\/\/gloria-events.com\/wp-content\/uploads\/2023\/03\/hochzeitszeremonie-setup-1536x1024.jpg 1536w\" sizes=\"(max-width: 1920px) 100vw, 1920px\" \/>\t\t\t\t\t\t\t\t\t\t\t\t\t\t\t<\/div>\n\t\t\t\t<\/div>\n\t\t\t\t\t<\/div>\n\t\t<\/div>\n\t\t\t\t\t<\/div>\n\t\t<\/section>\n\t\t\t\t<section class=\"elementor-section elementor-top-section elementor-element elementor-element-6f808fc elementor-section-boxed elementor-section-height-default elementor-section-height-default\" data-id=\"6f808fc\" data-element_type=\"section\" data-e-type=\"section\">\n\t\t\t\t\t\t<div class=\"elementor-container elementor-column-gap-default\">\n\t\t\t\t\t<div class=\"elementor-column elementor-col-100 elementor-top-column elementor-element elementor-element-d551120\" data-id=\"d551120\" data-element_type=\"column\" data-e-type=\"column\">\n\t\t\t<div class=\"elementor-widget-wrap elementor-element-populated\">\n\t\t\t\t\t\t<div class=\"elementor-element elementor-element-46e3441 elementor-cta--skin-classic elementor-animated-content elementor-bg-transform elementor-bg-transform-zoom-in elementor-widget elementor-widget-call-to-action\" data-id=\"46e3441\" data-element_type=\"widget\" data-e-type=\"widget\" data-widget_type=\"call-to-action.default\">\n\t\t\t\t<div class=\"elementor-widget-container\">\n\t\t\t\t\t\t\t<div class=\"elementor-cta\">\n\t\t\t\t\t<div class=\"elementor-cta__bg-wrapper\">\n\t\t\t\t<div class=\"elementor-cta__bg elementor-bg\" style=\"background-image: url(https:\/\/gloria-events.com\/wp-content\/uploads\/2023\/03\/goldbesteck-1024x474.jpg);\" role=\"img\" aria-label=\"Sch\u00f6nes Goldbesteck - Gabel, Messer, L\u00f6ffel, Dessertl\u00f6ffel auf schwarzem Teller auf schwarzem Hintergrund\"><\/div>\n\t\t\t\t<div class=\"elementor-cta__bg-overlay\"><\/div>\n\t\t\t<\/div>\n\t\t\t\t\t\t\t<div class=\"elementor-cta__content\">\n\t\t\t\t\n\t\t\t\t\t\t\t\t\t<h2 class=\"elementor-cta__title elementor-cta__content-item elementor-content-item\">\n\t\t\t\t\t\tCat\u00e1logo\t\t\t\t\t<\/h2>\n\t\t\t\t\n\t\t\t\t\t\t\t\t\t<div class=\"elementor-cta__description elementor-cta__content-item elementor-content-item\">\n\t\t\t\t\t\t<p>Consulte nuestro amplio cat\u00e1logo de mobiliario y equipamiento para que su evento sea todo un \u00e9xito.<\/p>\n\t\t\t\t\t<\/div>\n\t\t\t\t\n\t\t\t\t\t\t\t\t\t<div class=\"elementor-cta__button-wrapper elementor-cta__content-item elementor-content-item \">\n\t\t\t\t\t<a class=\"elementor-cta__button elementor-button elementor-size-\" href=\"https:\/\/gloria-events.com\/es\/katalog\/\">\n\t\t\t\t\t\tNavegue aqu\u00ed\t\t\t\t\t<\/a>\n\t\t\t\t\t<\/div>\n\t\t\t\t\t\t\t<\/div>\n\t\t\t\t\t\t<\/div>\n\t\t\t\t\t\t<\/div>\n\t\t\t\t<\/div>\n\t\t\t\t\t<\/div>\n\t\t<\/div>\n\t\t\t\t\t<\/div>\n\t\t<\/section>\n\t\t\t\t<\/div>\n\t\t","protected":false},"excerpt":{"rendered":"<p>Rel\u00e1jese y disfrute caminando, de pie y sentado Mesas de bistr\u00f3 y de bar, mesas largas con filas de sillas para el banquete, asientos y sillas para adultos y ni\u00f1os de madera, metal y pl\u00e1stico, bancos y taburetes, as\u00ed como fundas a juego, cojines, muebles de jard\u00edn y de sal\u00f3n y mostradores de bar: Llevamos [&hellip;]<\/p>\n","protected":false},"author":1,"featured_media":0,"parent":0,"menu_order":5,"comment_status":"closed","ping_status":"closed","template":"","meta":{"_acf_changed":false,"footnotes":""},"class_list":["post-2405","page","type-page","status-publish","hentry"],"acf":[],"_links":{"self":[{"href":"https:\/\/gloria-events.com\/es\/wp-json\/wp\/v2\/pages\/2405","targetHints":{"allow":["GET"]}}],"collection":[{"href":"https:\/\/gloria-events.com\/es\/wp-json\/wp\/v2\/pages"}],"about":[{"href":"https:\/\/gloria-events.com\/es\/wp-json\/wp\/v2\/types\/page"}],"author":[{"embeddable":true,"href":"https:\/\/gloria-events.com\/es\/wp-json\/wp\/v2\/users\/1"}],"replies":[{"embeddable":true,"href":"https:\/\/gloria-events.com\/es\/wp-json\/wp\/v2\/comments?post=2405"}],"version-history":[{"count":0,"href":"https:\/\/gloria-events.com\/es\/wp-json\/wp\/v2\/pages\/2405\/revisions"}],"wp:attachment":[{"href":"https:\/\/gloria-events.com\/es\/wp-json\/wp\/v2\/media?parent=2405"}],"curies":[{"name":"wp","href":"https:\/\/api.w.org\/{rel}","templated":true}]}}