{"id":2403,"date":"2023-02-05T17:36:03","date_gmt":"2023-02-05T16:36:03","guid":{"rendered":"https:\/\/gloria-events.com\/ubicacion\/"},"modified":"2023-04-07T16:40:09","modified_gmt":"2023-04-07T14:40:09","slug":"ubicacion","status":"publish","type":"page","link":"https:\/\/gloria-events.com\/es\/ubicacion\/","title":{"rendered":"Ubicaci\u00f3n"},"content":{"rendered":"\t\t<div data-elementor-type=\"wp-page\" data-elementor-id=\"2403\" class=\"elementor elementor-2403 elementor-46\" data-elementor-post-type=\"page\">\n\t\t\t\t\t\t<section class=\"elementor-section elementor-top-section elementor-element elementor-element-fa940b9 elementor-section-boxed elementor-section-height-default elementor-section-height-default\" data-id=\"fa940b9\" data-element_type=\"section\" data-e-type=\"section\">\n\t\t\t\t\t\t<div class=\"elementor-container elementor-column-gap-default\">\n\t\t\t\t\t<div class=\"elementor-column elementor-col-100 elementor-top-column elementor-element elementor-element-3fa1eb3\" data-id=\"3fa1eb3\" data-element_type=\"column\" data-e-type=\"column\">\n\t\t\t<div class=\"elementor-widget-wrap elementor-element-populated\">\n\t\t\t\t\t\t<div class=\"elementor-element elementor-element-1a02405 elementor-widget elementor-widget-heading\" data-id=\"1a02405\" data-element_type=\"widget\" data-e-type=\"widget\" data-widget_type=\"heading.default\">\n\t\t\t\t<div class=\"elementor-widget-container\">\n\t\t\t\t\t<h2 class=\"elementor-heading-title elementor-size-default\">En la ciudad, en el campo, en la playa, en la monta\u00f1a y en el mar.<\/h2>\t\t\t\t<\/div>\n\t\t\t\t<\/div>\n\t\t\t\t\t<\/div>\n\t\t<\/div>\n\t\t\t\t\t<\/div>\n\t\t<\/section>\n\t\t\t\t<section class=\"elementor-section elementor-top-section elementor-element elementor-element-5a09654 elementor-section-boxed elementor-section-height-default elementor-section-height-default\" data-id=\"5a09654\" data-element_type=\"section\" data-e-type=\"section\">\n\t\t\t\t\t\t<div class=\"elementor-container elementor-column-gap-default\">\n\t\t\t\t\t<div class=\"elementor-column elementor-col-50 elementor-top-column elementor-element elementor-element-78ffd36\" data-id=\"78ffd36\" data-element_type=\"column\" data-e-type=\"column\">\n\t\t\t<div class=\"elementor-widget-wrap elementor-element-populated\">\n\t\t\t\t\t\t<div class=\"elementor-element elementor-element-6c1d7a1 elementor-widget elementor-widget-text-editor\" data-id=\"6c1d7a1\" data-element_type=\"widget\" data-e-type=\"widget\" data-widget_type=\"text-editor.default\">\n\t\t\t\t<div class=\"elementor-widget-container\">\n\t\t\t\t\t\t\t\t\t<p>La variedad de excelentes lugares de Mallorca para celebraciones y eventos corporativos nos sigue impresionando de vez en cuando incluso a los \u00abveteranos\u00bb.<\/p>\n\t\t\t\t\t\t\t\t<\/div>\n\t\t\t\t<\/div>\n\t\t\t\t<div class=\"elementor-element elementor-element-2836273 elementor-widget elementor-widget-text-editor\" data-id=\"2836273\" data-element_type=\"widget\" data-e-type=\"widget\" data-widget_type=\"text-editor.default\">\n\t\t\t\t<div class=\"elementor-widget-container\">\n\t\t\t\t\t\t\t\t\t<p>Una brillante noche de baile en Binissalem, B\u00fager o Bunyola, celebraciones en Felanitx o Fornalutx, presentaciones de productos en Palma, Pollen\u00e7a o Puigpunyent, seminarios en Ses Salines, S\u00f3ller o Son Servera y eventos en Valldemossa o Vilafranca de Bonany: no s\u00f3lo conocemos casi todos los lugares de la isla por experiencia propia, sino tambi\u00e9n su idoneidad para determinados eventos.<\/p>\n\t\t\t\t\t\t\t\t<\/div>\n\t\t\t\t<\/div>\n\t\t\t\t\t<\/div>\n\t\t<\/div>\n\t\t\t\t<div class=\"elementor-column elementor-col-50 elementor-top-column elementor-element elementor-element-012b87b\" data-id=\"012b87b\" data-element_type=\"column\" data-e-type=\"column\">\n\t\t\t<div class=\"elementor-widget-wrap elementor-element-populated\">\n\t\t\t\t\t\t<div class=\"elementor-element elementor-element-5447a3b e-transform elementor-widget elementor-widget-image\" data-id=\"5447a3b\" data-element_type=\"widget\" data-e-type=\"widget\" data-settings=\"{&quot;_transform_rotateZ_effect&quot;:{&quot;unit&quot;:&quot;px&quot;,&quot;size&quot;:2,&quot;sizes&quot;:[]},&quot;_transform_rotateZ_effect_tablet&quot;:{&quot;unit&quot;:&quot;deg&quot;,&quot;size&quot;:&quot;&quot;,&quot;sizes&quot;:[]},&quot;_transform_rotateZ_effect_mobile&quot;:{&quot;unit&quot;:&quot;deg&quot;,&quot;size&quot;:&quot;&quot;,&quot;sizes&quot;:[]}}\" data-widget_type=\"image.default\">\n\t\t\t\t<div class=\"elementor-widget-container\">\n\t\t\t\t\t\t\t\t\t\t\t\t\t\t\t<img fetchpriority=\"high\" decoding=\"async\" width=\"600\" height=\"450\" src=\"https:\/\/gloria-events.com\/wp-content\/uploads\/2023\/03\/pavillon-ludwig-salvator.jpg\" class=\"attachment-full size-full wp-image-1285\" alt=\"Pavillon Ludwig Salvator in Mallorca\" srcset=\"https:\/\/gloria-events.com\/wp-content\/uploads\/2023\/03\/pavillon-ludwig-salvator.jpg 600w, https:\/\/gloria-events.com\/wp-content\/uploads\/2023\/03\/pavillon-ludwig-salvator-300x225.jpg 300w\" sizes=\"(max-width: 600px) 100vw, 600px\" \/>\t\t\t\t\t\t\t\t\t\t\t\t\t\t\t<\/div>\n\t\t\t\t<\/div>\n\t\t\t\t\t<\/div>\n\t\t<\/div>\n\t\t\t\t\t<\/div>\n\t\t<\/section>\n\t\t\t\t<\/div>\n\t\t","protected":false},"excerpt":{"rendered":"<p>En la ciudad, en el campo, en la playa, en la monta\u00f1a y en el mar. La variedad de excelentes lugares de Mallorca para celebraciones y eventos corporativos nos sigue impresionando de vez en cuando incluso a los \u00abveteranos\u00bb. Una brillante noche de baile en Binissalem, B\u00fager o Bunyola, celebraciones en Felanitx o Fornalutx, presentaciones [&hellip;]<\/p>\n","protected":false},"author":1,"featured_media":0,"parent":0,"menu_order":4,"comment_status":"closed","ping_status":"closed","template":"","meta":{"_acf_changed":false,"footnotes":""},"class_list":["post-2403","page","type-page","status-publish","hentry"],"acf":[],"_links":{"self":[{"href":"https:\/\/gloria-events.com\/es\/wp-json\/wp\/v2\/pages\/2403","targetHints":{"allow":["GET"]}}],"collection":[{"href":"https:\/\/gloria-events.com\/es\/wp-json\/wp\/v2\/pages"}],"about":[{"href":"https:\/\/gloria-events.com\/es\/wp-json\/wp\/v2\/types\/page"}],"author":[{"embeddable":true,"href":"https:\/\/gloria-events.com\/es\/wp-json\/wp\/v2\/users\/1"}],"replies":[{"embeddable":true,"href":"https:\/\/gloria-events.com\/es\/wp-json\/wp\/v2\/comments?post=2403"}],"version-history":[{"count":0,"href":"https:\/\/gloria-events.com\/es\/wp-json\/wp\/v2\/pages\/2403\/revisions"}],"wp:attachment":[{"href":"https:\/\/gloria-events.com\/es\/wp-json\/wp\/v2\/media?parent=2403"}],"curies":[{"name":"wp","href":"https:\/\/api.w.org\/{rel}","templated":true}]}}