{"id":2399,"date":"2023-02-05T17:48:55","date_gmt":"2023-02-05T16:48:55","guid":{"rendered":"https:\/\/gloria-events.com\/quienes-somos\/"},"modified":"2023-04-07T16:34:56","modified_gmt":"2023-04-07T14:34:56","slug":"quienes-somos","status":"publish","type":"page","link":"https:\/\/gloria-events.com\/es\/quienes-somos\/","title":{"rendered":"Qui\u00e9nes somos"},"content":{"rendered":"\t\t<div data-elementor-type=\"wp-page\" data-elementor-id=\"2399\" class=\"elementor elementor-2399 elementor-89\" data-elementor-post-type=\"page\">\n\t\t\t\t\t\t<section class=\"elementor-section elementor-top-section elementor-element elementor-element-d9e5ac1 elementor-section-boxed elementor-section-height-default elementor-section-height-default\" data-id=\"d9e5ac1\" data-element_type=\"section\" data-e-type=\"section\">\n\t\t\t\t\t\t<div class=\"elementor-container elementor-column-gap-default\">\n\t\t\t\t\t<div class=\"elementor-column elementor-col-100 elementor-top-column elementor-element elementor-element-601829f\" data-id=\"601829f\" data-element_type=\"column\" data-e-type=\"column\">\n\t\t\t<div class=\"elementor-widget-wrap elementor-element-populated\">\n\t\t\t\t\t\t<div class=\"elementor-element elementor-element-1b79905 elementor-widget elementor-widget-heading\" data-id=\"1b79905\" data-element_type=\"widget\" data-e-type=\"widget\" data-widget_type=\"heading.default\">\n\t\t\t\t<div class=\"elementor-widget-container\">\n\t\t\t\t\t<h2 class=\"elementor-heading-title elementor-size-default\">Gloria Events - Agencia de organizaci\u00f3n de eventos en Mallorca<\/h2>\t\t\t\t<\/div>\n\t\t\t\t<\/div>\n\t\t\t\t<div class=\"elementor-element elementor-element-847b42a elementor-widget elementor-widget-heading\" data-id=\"847b42a\" data-element_type=\"widget\" data-e-type=\"widget\" data-widget_type=\"heading.default\">\n\t\t\t\t<div class=\"elementor-widget-container\">\n\t\t\t\t\t<h3 class=\"elementor-heading-title elementor-size-default\">Nos encargamos eficientemente del buen funcionamiento de su evento\/celebraci\u00f3n en Mallorca.<\/h3>\t\t\t\t<\/div>\n\t\t\t\t<\/div>\n\t\t\t\t\t<\/div>\n\t\t<\/div>\n\t\t\t\t\t<\/div>\n\t\t<\/section>\n\t\t\t\t<section class=\"elementor-section elementor-top-section elementor-element elementor-element-19ce110 elementor-section-boxed elementor-section-height-default elementor-section-height-default\" data-id=\"19ce110\" data-element_type=\"section\" data-e-type=\"section\">\n\t\t\t\t\t\t<div class=\"elementor-container elementor-column-gap-default\">\n\t\t\t\t\t<div class=\"elementor-column elementor-col-50 elementor-top-column elementor-element elementor-element-6986ec6\" data-id=\"6986ec6\" data-element_type=\"column\" data-e-type=\"column\">\n\t\t\t<div class=\"elementor-widget-wrap elementor-element-populated\">\n\t\t\t\t\t\t<div class=\"elementor-element elementor-element-b3f86c5 e-transform elementor-widget elementor-widget-image\" data-id=\"b3f86c5\" data-element_type=\"widget\" data-e-type=\"widget\" data-settings=\"{&quot;_transform_rotateZ_effect&quot;:{&quot;unit&quot;:&quot;px&quot;,&quot;size&quot;:-2,&quot;sizes&quot;:[]},&quot;_transform_rotateZ_effect_tablet&quot;:{&quot;unit&quot;:&quot;deg&quot;,&quot;size&quot;:&quot;&quot;,&quot;sizes&quot;:[]},&quot;_transform_rotateZ_effect_mobile&quot;:{&quot;unit&quot;:&quot;deg&quot;,&quot;size&quot;:&quot;&quot;,&quot;sizes&quot;:[]}}\" data-widget_type=\"image.default\">\n\t\t\t\t<div class=\"elementor-widget-container\">\n\t\t\t\t\t\t\t\t\t\t\t\t\t\t\t<img fetchpriority=\"high\" decoding=\"async\" width=\"800\" height=\"999\" src=\"https:\/\/gloria-events.com\/wp-content\/uploads\/2023\/03\/conny-schmidt-820x1024.jpg\" class=\"attachment-large size-large wp-image-1230\" alt=\"Conny Schmidt\" srcset=\"https:\/\/gloria-events.com\/wp-content\/uploads\/2023\/03\/conny-schmidt-820x1024.jpg 820w, https:\/\/gloria-events.com\/wp-content\/uploads\/2023\/03\/conny-schmidt-600x749.jpg 600w, https:\/\/gloria-events.com\/wp-content\/uploads\/2023\/03\/conny-schmidt-240x300.jpg 240w, https:\/\/gloria-events.com\/wp-content\/uploads\/2023\/03\/conny-schmidt-768x959.jpg 768w, https:\/\/gloria-events.com\/wp-content\/uploads\/2023\/03\/conny-schmidt-1230x1536.jpg 1230w, https:\/\/gloria-events.com\/wp-content\/uploads\/2023\/03\/conny-schmidt-1640x2048.jpg 1640w, https:\/\/gloria-events.com\/wp-content\/uploads\/2023\/03\/conny-schmidt.jpg 1920w\" sizes=\"(max-width: 800px) 100vw, 800px\" \/>\t\t\t\t\t\t\t\t\t\t\t\t\t\t\t<\/div>\n\t\t\t\t<\/div>\n\t\t\t\t\t<\/div>\n\t\t<\/div>\n\t\t\t\t<div class=\"elementor-column elementor-col-50 elementor-top-column elementor-element elementor-element-9ae81f5\" data-id=\"9ae81f5\" data-element_type=\"column\" data-e-type=\"column\">\n\t\t\t<div class=\"elementor-widget-wrap elementor-element-populated\">\n\t\t\t\t\t\t<div class=\"elementor-element elementor-element-b4a22e4 elementor-widget elementor-widget-heading\" data-id=\"b4a22e4\" data-element_type=\"widget\" data-e-type=\"widget\" data-widget_type=\"heading.default\">\n\t\t\t\t<div class=\"elementor-widget-container\">\n\t\t\t\t\t<h3 class=\"elementor-heading-title elementor-size-default\">Sobre Gloria Events<\/h3>\t\t\t\t<\/div>\n\t\t\t\t<\/div>\n\t\t\t\t<div class=\"elementor-element elementor-element-4f23c1f elementor-widget elementor-widget-text-editor\" data-id=\"4f23c1f\" data-element_type=\"widget\" data-e-type=\"widget\" data-widget_type=\"text-editor.default\">\n\t\t\t\t<div class=\"elementor-widget-container\">\n\t\t\t\t\t\t\t\t\t<p>Mallorca es el mejor lugar del mundo para organizar eventos de todo tipo. Y nosotros somos su contacto para que estos eventos sean inolvidables.<\/p>\n\t\t\t\t\t\t\t\t<\/div>\n\t\t\t\t<\/div>\n\t\t\t\t<div class=\"elementor-element elementor-element-f9915a6 elementor-widget elementor-widget-text-editor\" data-id=\"f9915a6\" data-element_type=\"widget\" data-e-type=\"widget\" data-widget_type=\"text-editor.default\">\n\t\t\t\t<div class=\"elementor-widget-container\">\n\t\t\t\t\t\t\t\t\t<p>Ya se trate de una elegante boda junto al mar, una reuni\u00f3n de empresa o una fiesta de cumplea\u00f1os grande o peque\u00f1a, el agradable clima de Mallorca durante todo el a\u00f1o, sus impresionantes paisajes, la amabilidad de sus habitantes y el r\u00e1pido y f\u00e1cil acceso desde toda Europa la convierten en el lugar ideal para organizar eventos que se recordar\u00e1n siempre.<\/p>\n\t\t\t\t\t\t\t\t<\/div>\n\t\t\t\t<\/div>\n\t\t\t\t\t<\/div>\n\t\t<\/div>\n\t\t\t\t\t<\/div>\n\t\t<\/section>\n\t\t\t\t<section class=\"elementor-section elementor-top-section elementor-element elementor-element-b7275b2 elementor-section-boxed elementor-section-height-default elementor-section-height-default\" data-id=\"b7275b2\" data-element_type=\"section\" data-e-type=\"section\">\n\t\t\t\t\t\t<div class=\"elementor-container elementor-column-gap-default\">\n\t\t\t\t\t<div class=\"elementor-column elementor-col-50 elementor-top-column elementor-element elementor-element-08e5c09\" data-id=\"08e5c09\" data-element_type=\"column\" data-e-type=\"column\">\n\t\t\t<div class=\"elementor-widget-wrap elementor-element-populated\">\n\t\t\t\t\t\t<div class=\"elementor-element elementor-element-75551c2 elementor-widget elementor-widget-text-editor\" data-id=\"75551c2\" data-element_type=\"widget\" data-e-type=\"widget\" data-widget_type=\"text-editor.default\">\n\t\t\t\t<div class=\"elementor-widget-container\">\n\t\t\t\t\t\t\t\t\t<p>En estrecha colaboraci\u00f3n con usted desde el principio y siempre de acuerdo con sus requisitos exactos, ideas, deseos y visiones, le asesoramos, acompa\u00f1amos y apoyamos en la realizaci\u00f3n y el equipamiento de todos sus eventos:<\/p>\n\t\t\t\t\t\t\t\t<\/div>\n\t\t\t\t<\/div>\n\t\t\t\t\t<\/div>\n\t\t<\/div>\n\t\t\t\t<div class=\"elementor-column elementor-col-50 elementor-top-column elementor-element elementor-element-98dfdc3\" data-id=\"98dfdc3\" data-element_type=\"column\" data-e-type=\"column\">\n\t\t\t<div class=\"elementor-widget-wrap elementor-element-populated\">\n\t\t\t\t\t\t<div class=\"elementor-element elementor-element-3e86792 e-transform elementor-widget elementor-widget-image\" data-id=\"3e86792\" data-element_type=\"widget\" data-e-type=\"widget\" data-settings=\"{&quot;_transform_rotateZ_effect&quot;:{&quot;unit&quot;:&quot;px&quot;,&quot;size&quot;:2,&quot;sizes&quot;:[]},&quot;_transform_rotateZ_effect_tablet&quot;:{&quot;unit&quot;:&quot;deg&quot;,&quot;size&quot;:&quot;&quot;,&quot;sizes&quot;:[]},&quot;_transform_rotateZ_effect_mobile&quot;:{&quot;unit&quot;:&quot;deg&quot;,&quot;size&quot;:&quot;&quot;,&quot;sizes&quot;:[]}}\" data-widget_type=\"image.default\">\n\t\t\t\t<div class=\"elementor-widget-container\">\n\t\t\t\t\t\t\t\t\t\t\t\t\t\t\t<img decoding=\"async\" src=\"https:\/\/gloria-events.com\/wp-content\/uploads\/2023\/03\/blumengirlande-aus-eukalyptus-und-rosa-blumen-liegt-auf-dem-tisch.jpg\" title=\"\" alt=\"\" loading=\"lazy\" \/>\t\t\t\t\t\t\t\t\t\t\t\t\t\t\t<\/div>\n\t\t\t\t<\/div>\n\t\t\t\t\t<\/div>\n\t\t<\/div>\n\t\t\t\t\t<\/div>\n\t\t<\/section>\n\t\t\t\t<section class=\"elementor-section elementor-top-section elementor-element elementor-element-30c32fc elementor-section-boxed elementor-section-height-default elementor-section-height-default\" data-id=\"30c32fc\" data-element_type=\"section\" data-e-type=\"section\">\n\t\t\t\t\t\t<div class=\"elementor-container elementor-column-gap-default\">\n\t\t\t\t\t<div class=\"elementor-column elementor-col-50 elementor-top-column elementor-element elementor-element-dc23039\" data-id=\"dc23039\" data-element_type=\"column\" data-e-type=\"column\">\n\t\t\t<div class=\"elementor-widget-wrap elementor-element-populated\">\n\t\t\t\t\t\t<div class=\"elementor-element elementor-element-8d818b6 e-transform elementor-widget elementor-widget-image\" data-id=\"8d818b6\" data-element_type=\"widget\" data-e-type=\"widget\" data-settings=\"{&quot;_transform_rotateZ_effect&quot;:{&quot;unit&quot;:&quot;px&quot;,&quot;size&quot;:-2,&quot;sizes&quot;:[]},&quot;_transform_rotateZ_effect_tablet&quot;:{&quot;unit&quot;:&quot;deg&quot;,&quot;size&quot;:&quot;&quot;,&quot;sizes&quot;:[]},&quot;_transform_rotateZ_effect_mobile&quot;:{&quot;unit&quot;:&quot;deg&quot;,&quot;size&quot;:&quot;&quot;,&quot;sizes&quot;:[]}}\" data-widget_type=\"image.default\">\n\t\t\t\t<div class=\"elementor-widget-container\">\n\t\t\t\t\t\t\t\t\t\t\t\t\t\t\t<img decoding=\"async\" width=\"800\" height=\"600\" src=\"https:\/\/gloria-events.com\/wp-content\/uploads\/2023\/03\/stuehle-beachclub-1024x768.jpg\" class=\"attachment-large size-large wp-image-1320\" alt=\"Hochzeits-Setup mit Meerblick\" srcset=\"https:\/\/gloria-events.com\/wp-content\/uploads\/2023\/03\/stuehle-beachclub-1024x768.jpg 1024w, https:\/\/gloria-events.com\/wp-content\/uploads\/2023\/03\/stuehle-beachclub-600x450.jpg 600w, https:\/\/gloria-events.com\/wp-content\/uploads\/2023\/03\/stuehle-beachclub-300x225.jpg 300w, https:\/\/gloria-events.com\/wp-content\/uploads\/2023\/03\/stuehle-beachclub-768x576.jpg 768w, https:\/\/gloria-events.com\/wp-content\/uploads\/2023\/03\/stuehle-beachclub-1536x1152.jpg 1536w, https:\/\/gloria-events.com\/wp-content\/uploads\/2023\/03\/stuehle-beachclub.jpg 1632w\" sizes=\"(max-width: 800px) 100vw, 800px\" \/>\t\t\t\t\t\t\t\t\t\t\t\t\t\t\t<\/div>\n\t\t\t\t<\/div>\n\t\t\t\t\t<\/div>\n\t\t<\/div>\n\t\t\t\t<div class=\"elementor-column elementor-col-50 elementor-top-column elementor-element elementor-element-08a0d5e\" data-id=\"08a0d5e\" data-element_type=\"column\" data-e-type=\"column\">\n\t\t\t<div class=\"elementor-widget-wrap elementor-element-populated\">\n\t\t\t\t\t\t<div class=\"elementor-element elementor-element-856bde1 elementor-widget elementor-widget-text-editor\" data-id=\"856bde1\" data-element_type=\"widget\" data-e-type=\"widget\" data-widget_type=\"text-editor.default\">\n\t\t\t\t<div class=\"elementor-widget-container\">\n\t\t\t\t\t\t\t\t\t<p><strong>No importa en qu\u00e9 temporada del a\u00f1o y en qu\u00e9 regi\u00f3n de la soleada isla, ya sea en interiores o al aire libre, en una imponente finca como sacada de una pel\u00edcula de disfraces, en una t\u00edpica finca mallorquina o en una de las innumerables y pintorescas playas al atardecer:<\/strong><\/p>\n\t\t\t\t\t\t\t\t<\/div>\n\t\t\t\t<\/div>\n\t\t\t\t\t<\/div>\n\t\t<\/div>\n\t\t\t\t\t<\/div>\n\t\t<\/section>\n\t\t\t\t<\/div>\n\t\t","protected":false},"excerpt":{"rendered":"<p>Gloria Events &#8211; Agencia de organizaci\u00f3n de eventos en Mallorca Nos encargamos eficientemente del buen funcionamiento de su evento\/celebraci\u00f3n en Mallorca. Sobre Gloria Events Mallorca es el mejor lugar del mundo para organizar eventos de todo tipo. Y nosotros somos su contacto para que estos eventos sean inolvidables. Ya se trate de una elegante boda [&hellip;]<\/p>\n","protected":false},"author":1,"featured_media":0,"parent":0,"menu_order":2,"comment_status":"closed","ping_status":"closed","template":"","meta":{"_acf_changed":false,"footnotes":""},"class_list":["post-2399","page","type-page","status-publish","hentry"],"acf":[],"_links":{"self":[{"href":"https:\/\/gloria-events.com\/es\/wp-json\/wp\/v2\/pages\/2399","targetHints":{"allow":["GET"]}}],"collection":[{"href":"https:\/\/gloria-events.com\/es\/wp-json\/wp\/v2\/pages"}],"about":[{"href":"https:\/\/gloria-events.com\/es\/wp-json\/wp\/v2\/types\/page"}],"author":[{"embeddable":true,"href":"https:\/\/gloria-events.com\/es\/wp-json\/wp\/v2\/users\/1"}],"replies":[{"embeddable":true,"href":"https:\/\/gloria-events.com\/es\/wp-json\/wp\/v2\/comments?post=2399"}],"version-history":[{"count":0,"href":"https:\/\/gloria-events.com\/es\/wp-json\/wp\/v2\/pages\/2399\/revisions"}],"wp:attachment":[{"href":"https:\/\/gloria-events.com\/es\/wp-json\/wp\/v2\/media?parent=2399"}],"curies":[{"name":"wp","href":"https:\/\/api.w.org\/{rel}","templated":true}]}}