{"id":2402,"date":"2023-02-05T17:36:03","date_gmt":"2023-02-05T16:36:03","guid":{"rendered":"https:\/\/gloria-events.com\/location\/"},"modified":"2023-04-07T16:39:09","modified_gmt":"2023-04-07T14:39:09","slug":"location","status":"publish","type":"page","link":"https:\/\/gloria-events.com\/en\/location\/","title":{"rendered":"Location"},"content":{"rendered":"\t\t<div data-elementor-type=\"wp-page\" data-elementor-id=\"2402\" class=\"elementor elementor-2402 elementor-46\" data-elementor-post-type=\"page\">\n\t\t\t\t\t\t<section class=\"elementor-section elementor-top-section elementor-element elementor-element-fa940b9 elementor-section-boxed elementor-section-height-default elementor-section-height-default\" data-id=\"fa940b9\" data-element_type=\"section\" data-e-type=\"section\">\n\t\t\t\t\t\t<div class=\"elementor-container elementor-column-gap-default\">\n\t\t\t\t\t<div class=\"elementor-column elementor-col-100 elementor-top-column elementor-element elementor-element-3fa1eb3\" data-id=\"3fa1eb3\" data-element_type=\"column\" data-e-type=\"column\">\n\t\t\t<div class=\"elementor-widget-wrap elementor-element-populated\">\n\t\t\t\t\t\t<div class=\"elementor-element elementor-element-1a02405 elementor-widget elementor-widget-heading\" data-id=\"1a02405\" data-element_type=\"widget\" data-e-type=\"widget\" data-widget_type=\"heading.default\">\n\t\t\t\t<div class=\"elementor-widget-container\">\n\t\t\t\t\t<h2 class=\"elementor-heading-title elementor-size-default\">In the city, in the countryside, on the beach, in the mountains and at sea.<\/h2>\t\t\t\t<\/div>\n\t\t\t\t<\/div>\n\t\t\t\t\t<\/div>\n\t\t<\/div>\n\t\t\t\t\t<\/div>\n\t\t<\/section>\n\t\t\t\t<section class=\"elementor-section elementor-top-section elementor-element elementor-element-5a09654 elementor-section-boxed elementor-section-height-default elementor-section-height-default\" data-id=\"5a09654\" data-element_type=\"section\" data-e-type=\"section\">\n\t\t\t\t\t\t<div class=\"elementor-container elementor-column-gap-default\">\n\t\t\t\t\t<div class=\"elementor-column elementor-col-50 elementor-top-column elementor-element elementor-element-78ffd36\" data-id=\"78ffd36\" data-element_type=\"column\" data-e-type=\"column\">\n\t\t\t<div class=\"elementor-widget-wrap elementor-element-populated\">\n\t\t\t\t\t\t<div class=\"elementor-element elementor-element-6c1d7a1 elementor-widget elementor-widget-text-editor\" data-id=\"6c1d7a1\" data-element_type=\"widget\" data-e-type=\"widget\" data-widget_type=\"text-editor.default\">\n\t\t\t\t<div class=\"elementor-widget-container\">\n\t\t\t\t\t\t\t\t\t<p>Mallorca&#8217;s variety of excellent venues for celebrations and corporate events still impresses even us &#8216;old hands&#8217; from time to time.<\/p>\n\t\t\t\t\t\t\t\t<\/div>\n\t\t\t\t<\/div>\n\t\t\t\t<div class=\"elementor-element elementor-element-2836273 elementor-widget elementor-widget-text-editor\" data-id=\"2836273\" data-element_type=\"widget\" data-e-type=\"widget\" data-widget_type=\"text-editor.default\">\n\t\t\t\t<div class=\"elementor-widget-container\">\n\t\t\t\t\t\t\t\t\t<p>A glittering ball night in Binissalem, B\u00fager or Bunyola, celebrations in Felanitx or Fornalutx, product presentations in Palma, Pollen\u00e7a or Puigpunyent, seminars in Ses Salines, S\u00f3ller or Son Servera and events in Valldemossa or Vilafranca de Bonany: we not only know almost every location on the island from our own experience, but also its suitability for certain events.<\/p>\n\t\t\t\t\t\t\t\t<\/div>\n\t\t\t\t<\/div>\n\t\t\t\t\t<\/div>\n\t\t<\/div>\n\t\t\t\t<div class=\"elementor-column elementor-col-50 elementor-top-column elementor-element elementor-element-012b87b\" data-id=\"012b87b\" data-element_type=\"column\" data-e-type=\"column\">\n\t\t\t<div class=\"elementor-widget-wrap elementor-element-populated\">\n\t\t\t\t\t\t<div class=\"elementor-element elementor-element-5447a3b e-transform elementor-widget elementor-widget-image\" data-id=\"5447a3b\" data-element_type=\"widget\" data-e-type=\"widget\" data-settings=\"{&quot;_transform_rotateZ_effect&quot;:{&quot;unit&quot;:&quot;px&quot;,&quot;size&quot;:2,&quot;sizes&quot;:[]},&quot;_transform_rotateZ_effect_tablet&quot;:{&quot;unit&quot;:&quot;deg&quot;,&quot;size&quot;:&quot;&quot;,&quot;sizes&quot;:[]},&quot;_transform_rotateZ_effect_mobile&quot;:{&quot;unit&quot;:&quot;deg&quot;,&quot;size&quot;:&quot;&quot;,&quot;sizes&quot;:[]}}\" data-widget_type=\"image.default\">\n\t\t\t\t<div class=\"elementor-widget-container\">\n\t\t\t\t\t\t\t\t\t\t\t\t\t\t\t<img fetchpriority=\"high\" decoding=\"async\" width=\"600\" height=\"450\" src=\"https:\/\/gloria-events.com\/wp-content\/uploads\/2023\/03\/pavillon-ludwig-salvator.jpg\" class=\"attachment-full size-full wp-image-1284\" alt=\"Pavillon Ludwig Salvator in Mallorca\" srcset=\"https:\/\/gloria-events.com\/wp-content\/uploads\/2023\/03\/pavillon-ludwig-salvator.jpg 600w, https:\/\/gloria-events.com\/wp-content\/uploads\/2023\/03\/pavillon-ludwig-salvator-300x225.jpg 300w\" sizes=\"(max-width: 600px) 100vw, 600px\" \/>\t\t\t\t\t\t\t\t\t\t\t\t\t\t\t<\/div>\n\t\t\t\t<\/div>\n\t\t\t\t\t<\/div>\n\t\t<\/div>\n\t\t\t\t\t<\/div>\n\t\t<\/section>\n\t\t\t\t<\/div>\n\t\t","protected":false},"excerpt":{"rendered":"<p>In the city, in the countryside, on the beach, in the mountains and at sea. Mallorca&#8217;s variety of excellent venues for celebrations and corporate events still impresses even us &#8216;old hands&#8217; from time to time. A glittering ball night in Binissalem, B\u00fager or Bunyola, celebrations in Felanitx or Fornalutx, product presentations in Palma, Pollen\u00e7a or [&hellip;]<\/p>\n","protected":false},"author":1,"featured_media":0,"parent":0,"menu_order":4,"comment_status":"closed","ping_status":"closed","template":"","meta":{"_acf_changed":false,"footnotes":""},"class_list":["post-2402","page","type-page","status-publish","hentry"],"acf":[],"_links":{"self":[{"href":"https:\/\/gloria-events.com\/en\/wp-json\/wp\/v2\/pages\/2402","targetHints":{"allow":["GET"]}}],"collection":[{"href":"https:\/\/gloria-events.com\/en\/wp-json\/wp\/v2\/pages"}],"about":[{"href":"https:\/\/gloria-events.com\/en\/wp-json\/wp\/v2\/types\/page"}],"author":[{"embeddable":true,"href":"https:\/\/gloria-events.com\/en\/wp-json\/wp\/v2\/users\/1"}],"replies":[{"embeddable":true,"href":"https:\/\/gloria-events.com\/en\/wp-json\/wp\/v2\/comments?post=2402"}],"version-history":[{"count":0,"href":"https:\/\/gloria-events.com\/en\/wp-json\/wp\/v2\/pages\/2402\/revisions"}],"wp:attachment":[{"href":"https:\/\/gloria-events.com\/en\/wp-json\/wp\/v2\/media?parent=2402"}],"curies":[{"name":"wp","href":"https:\/\/api.w.org\/{rel}","templated":true}]}}